{"id":295043,"date":"2024-11-27T17:51:09","date_gmt":"2024-11-27T22:51:09","guid":{"rendered":"https:\/\/www.platform7x7.com\/n\/?post_type=product&#038;p=295043"},"modified":"2025-04-15T14:03:56","modified_gmt":"2025-04-15T19:03:56","slug":"mercado-de-salud-obamacare","status":"publish","type":"product","link":"https:\/\/www.platform7x7.com\/n\/marketplace\/servicios\/mercado-de-salud-obamacare\/","title":{"rendered":"Mercado de salud OBAMACARE"},"content":{"rendered":"<p><!-- VideographyWP Plugin Message: Automatic video embedding prevented by plugin options. --><\/p>\n","protected":false},"excerpt":{"rendered":"<p>El Mercado de Seguros M\u00e9dicos, conocido como \u201cObamacare\u201d,\u00a0<b>le permite buscar y comparar p\u00f3lizas que ofrecen cobertura m\u00e9dica, dental y para cuidado de la visi\u00f3n, entre otras cosas<\/b>. Ent\u00e9rese si califica para la cobertura e inscr\u00edbase en un plan.<\/p>\n","protected":false},"featured_media":301784,"comment_status":"open","ping_status":"closed","template":"","meta":{"_et_pb_use_builder":"","_et_pb_old_content":"","_et_gb_content_width":"","_joinchat":[]},"product_brand":[],"product_cat":[132],"product_tag":[],"class_list":{"0":"post-295043","1":"product","2":"type-product","3":"status-publish","4":"has-post-thumbnail","6":"product_cat-servicios","8":"first","9":"instock","10":"shipping-taxable","11":"product-type-simple"},"_links":{"self":[{"href":"https:\/\/www.platform7x7.com\/n\/wp-json\/wp\/v2\/product\/295043","targetHints":{"allow":["GET"]}}],"collection":[{"href":"https:\/\/www.platform7x7.com\/n\/wp-json\/wp\/v2\/product"}],"about":[{"href":"https:\/\/www.platform7x7.com\/n\/wp-json\/wp\/v2\/types\/product"}],"replies":[{"embeddable":true,"href":"https:\/\/www.platform7x7.com\/n\/wp-json\/wp\/v2\/comments?post=295043"}],"wp:featuredmedia":[{"embeddable":true,"href":"https:\/\/www.platform7x7.com\/n\/wp-json\/wp\/v2\/media\/301784"}],"wp:attachment":[{"href":"https:\/\/www.platform7x7.com\/n\/wp-json\/wp\/v2\/media?parent=295043"}],"wp:term":[{"taxonomy":"product_brand","embeddable":true,"href":"https:\/\/www.platform7x7.com\/n\/wp-json\/wp\/v2\/product_brand?post=295043"},{"taxonomy":"product_cat","embeddable":true,"href":"https:\/\/www.platform7x7.com\/n\/wp-json\/wp\/v2\/product_cat?post=295043"},{"taxonomy":"product_tag","embeddable":true,"href":"https:\/\/www.platform7x7.com\/n\/wp-json\/wp\/v2\/product_tag?post=295043"}],"curies":[{"name":"wp","href":"https:\/\/api.w.org\/{rel}","templated":true}]}}