{"id":295040,"date":"2024-11-27T17:48:48","date_gmt":"2024-11-27T22:48:48","guid":{"rendered":"https:\/\/www.platform7x7.com\/n\/?post_type=product&#038;p=295040"},"modified":"2025-04-15T14:05:32","modified_gmt":"2025-04-15T19:05:32","slug":"seguro-de-grupo","status":"publish","type":"product","link":"https:\/\/www.platform7x7.com\/n\/marketplace\/servicios\/seguro-de-grupo\/","title":{"rendered":"Seguro de Grupo"},"content":{"rendered":"<p><!-- VideographyWP Plugin Message: Automatic video embedding prevented by plugin options. --><\/p>\n","protected":false},"excerpt":{"rendered":"<p>Medicare Original es un programa de seguro m\u00e9dico federal en los Estados Unidos para personas de 65 a\u00f1os o m\u00e1s, personas m\u00e1s j\u00f3venes con discapacidades y aquellas con enfermedad renal en etapa terminal (ESRD). Incluye Medicare Parte A (seguro hospitalario) y Medicare Parte B (seguro m\u00e9dico)<\/p>\n","protected":false},"featured_media":301767,"comment_status":"open","ping_status":"closed","template":"","meta":{"_et_pb_use_builder":"","_et_pb_old_content":"","_et_gb_content_width":"","_joinchat":[]},"product_brand":[],"product_cat":[132],"product_tag":[],"class_list":{"0":"post-295040","1":"product","2":"type-product","3":"status-publish","4":"has-post-thumbnail","6":"product_cat-servicios","8":"first","9":"instock","10":"shipping-taxable","11":"product-type-simple"},"_links":{"self":[{"href":"https:\/\/www.platform7x7.com\/n\/wp-json\/wp\/v2\/product\/295040","targetHints":{"allow":["GET"]}}],"collection":[{"href":"https:\/\/www.platform7x7.com\/n\/wp-json\/wp\/v2\/product"}],"about":[{"href":"https:\/\/www.platform7x7.com\/n\/wp-json\/wp\/v2\/types\/product"}],"replies":[{"embeddable":true,"href":"https:\/\/www.platform7x7.com\/n\/wp-json\/wp\/v2\/comments?post=295040"}],"wp:featuredmedia":[{"embeddable":true,"href":"https:\/\/www.platform7x7.com\/n\/wp-json\/wp\/v2\/media\/301767"}],"wp:attachment":[{"href":"https:\/\/www.platform7x7.com\/n\/wp-json\/wp\/v2\/media?parent=295040"}],"wp:term":[{"taxonomy":"product_brand","embeddable":true,"href":"https:\/\/www.platform7x7.com\/n\/wp-json\/wp\/v2\/product_brand?post=295040"},{"taxonomy":"product_cat","embeddable":true,"href":"https:\/\/www.platform7x7.com\/n\/wp-json\/wp\/v2\/product_cat?post=295040"},{"taxonomy":"product_tag","embeddable":true,"href":"https:\/\/www.platform7x7.com\/n\/wp-json\/wp\/v2\/product_tag?post=295040"}],"curies":[{"name":"wp","href":"https:\/\/api.w.org\/{rel}","templated":true}]}}