{"id":295035,"date":"2024-11-27T17:38:52","date_gmt":"2024-11-27T22:38:52","guid":{"rendered":"https:\/\/www.platform7x7.com\/n\/?post_type=product&#038;p=295035"},"modified":"2025-04-15T14:06:17","modified_gmt":"2025-04-15T19:06:17","slug":"planes-medicare","status":"publish","type":"product","link":"https:\/\/www.platform7x7.com\/n\/marketplace\/servicios\/planes-medicare\/","title":{"rendered":"Planes Medicare"},"content":{"rendered":"<p><!-- VideographyWP Plugin Message: Automatic video embedding prevented by plugin options. --><\/p>\n","protected":false},"excerpt":{"rendered":"<p>Los planes Medicare Advantage, tambi\u00e9n conocidos como Parte C, ofrecen una serie de beneficios en comparaci\u00f3n con Medicare Original. Cubren todos los servicios que cubre Medicare Original, incluidos los seguros m\u00e9dicos y hospitalarios de las Partes A y B.<\/p>\n","protected":false},"featured_media":301764,"comment_status":"open","ping_status":"closed","template":"","meta":{"_et_pb_use_builder":"","_et_pb_old_content":"","_et_gb_content_width":"","_joinchat":[]},"product_brand":[],"product_cat":[132],"product_tag":[],"class_list":{"0":"post-295035","1":"product","2":"type-product","3":"status-publish","4":"has-post-thumbnail","6":"product_cat-servicios","8":"first","9":"instock","10":"shipping-taxable","11":"product-type-simple"},"_links":{"self":[{"href":"https:\/\/www.platform7x7.com\/n\/wp-json\/wp\/v2\/product\/295035","targetHints":{"allow":["GET"]}}],"collection":[{"href":"https:\/\/www.platform7x7.com\/n\/wp-json\/wp\/v2\/product"}],"about":[{"href":"https:\/\/www.platform7x7.com\/n\/wp-json\/wp\/v2\/types\/product"}],"replies":[{"embeddable":true,"href":"https:\/\/www.platform7x7.com\/n\/wp-json\/wp\/v2\/comments?post=295035"}],"wp:featuredmedia":[{"embeddable":true,"href":"https:\/\/www.platform7x7.com\/n\/wp-json\/wp\/v2\/media\/301764"}],"wp:attachment":[{"href":"https:\/\/www.platform7x7.com\/n\/wp-json\/wp\/v2\/media?parent=295035"}],"wp:term":[{"taxonomy":"product_brand","embeddable":true,"href":"https:\/\/www.platform7x7.com\/n\/wp-json\/wp\/v2\/product_brand?post=295035"},{"taxonomy":"product_cat","embeddable":true,"href":"https:\/\/www.platform7x7.com\/n\/wp-json\/wp\/v2\/product_cat?post=295035"},{"taxonomy":"product_tag","embeddable":true,"href":"https:\/\/www.platform7x7.com\/n\/wp-json\/wp\/v2\/product_tag?post=295035"}],"curies":[{"name":"wp","href":"https:\/\/api.w.org\/{rel}","templated":true}]}}