{"id":295032,"date":"2024-11-27T17:27:23","date_gmt":"2024-11-27T22:27:23","guid":{"rendered":"https:\/\/www.platform7x7.com\/n\/?post_type=product&#038;p=295032"},"modified":"2025-04-15T14:06:30","modified_gmt":"2025-04-15T19:06:30","slug":"seguro-social-de-jubilacion-y-discapacidad","status":"publish","type":"product","link":"https:\/\/www.platform7x7.com\/n\/marketplace\/servicios\/seguro-social-de-jubilacion-y-discapacidad\/","title":{"rendered":"Seguro social de jubilaci\u00f3n y Discapacidad"},"content":{"rendered":"<p><!-- VideographyWP Plugin Message: Automatic video embedding prevented by plugin options. --><\/p>\n","protected":false},"excerpt":{"rendered":"<p>Nuestro enfoque compasivo y profundo conocimiento de los sistemas de atenci\u00f3n m\u00e9dica y los planes Medicare Advantage nos permiten brindar orientaci\u00f3n personalizada que ayuda a los clientes a tomar decisiones informadas sobre su salud y bienestar.<\/p>\n","protected":false},"featured_media":301783,"comment_status":"open","ping_status":"closed","template":"","meta":{"_et_pb_use_builder":"","_et_pb_old_content":"","_et_gb_content_width":"","_joinchat":[]},"product_brand":[],"product_cat":[132],"product_tag":[],"class_list":{"0":"post-295032","1":"product","2":"type-product","3":"status-publish","4":"has-post-thumbnail","6":"product_cat-servicios","8":"first","9":"instock","10":"shipping-taxable","11":"product-type-simple"},"_links":{"self":[{"href":"https:\/\/www.platform7x7.com\/n\/wp-json\/wp\/v2\/product\/295032","targetHints":{"allow":["GET"]}}],"collection":[{"href":"https:\/\/www.platform7x7.com\/n\/wp-json\/wp\/v2\/product"}],"about":[{"href":"https:\/\/www.platform7x7.com\/n\/wp-json\/wp\/v2\/types\/product"}],"replies":[{"embeddable":true,"href":"https:\/\/www.platform7x7.com\/n\/wp-json\/wp\/v2\/comments?post=295032"}],"wp:featuredmedia":[{"embeddable":true,"href":"https:\/\/www.platform7x7.com\/n\/wp-json\/wp\/v2\/media\/301783"}],"wp:attachment":[{"href":"https:\/\/www.platform7x7.com\/n\/wp-json\/wp\/v2\/media?parent=295032"}],"wp:term":[{"taxonomy":"product_brand","embeddable":true,"href":"https:\/\/www.platform7x7.com\/n\/wp-json\/wp\/v2\/product_brand?post=295032"},{"taxonomy":"product_cat","embeddable":true,"href":"https:\/\/www.platform7x7.com\/n\/wp-json\/wp\/v2\/product_cat?post=295032"},{"taxonomy":"product_tag","embeddable":true,"href":"https:\/\/www.platform7x7.com\/n\/wp-json\/wp\/v2\/product_tag?post=295032"}],"curies":[{"name":"wp","href":"https:\/\/api.w.org\/{rel}","templated":true}]}}