{"id":294160,"date":"2024-07-09T12:05:31","date_gmt":"2024-07-09T17:05:31","guid":{"rendered":"https:\/\/www.platform7x7.com\/n\/?post_type=product&#038;p=294160"},"modified":"2025-04-14T16:47:23","modified_gmt":"2025-04-14T21:47:23","slug":"produccion-musical-musical-production","status":"publish","type":"product","link":"https:\/\/www.platform7x7.com\/n\/marketplace\/servicios\/eventos-fotografia-produccion-otros\/produccion-musical-musical-production\/","title":{"rendered":"PRODUCCION MUSICAL \/ Musical Production"},"content":{"rendered":"<p><!-- VideographyWP Plugin Message: Automatic video embedding prevented by plugin options. --><\/p>\n","protected":false},"excerpt":{"rendered":"<p>M\u00fasicos, compositores, arreglistas, productores con visi\u00f3n art\u00edstica y capacitados en sus \u00e1reas, trabajan en la realizaci\u00f3n, selecci\u00f3n y grabaci\u00f3n musical en uno de los mejores estudios de la capital colombiana.<\/p>\n","protected":false},"featured_media":301742,"comment_status":"open","ping_status":"closed","template":"","meta":{"_et_pb_use_builder":"","_et_pb_old_content":"","_et_gb_content_width":"","_joinchat":[]},"product_brand":[],"product_cat":[133,132],"product_tag":[],"class_list":{"0":"post-294160","1":"product","2":"type-product","3":"status-publish","4":"has-post-thumbnail","6":"product_cat-eventos-fotografia-produccion-otros","7":"product_cat-servicios","9":"first","10":"instock","11":"shipping-taxable","12":"product-type-simple"},"_links":{"self":[{"href":"https:\/\/www.platform7x7.com\/n\/wp-json\/wp\/v2\/product\/294160","targetHints":{"allow":["GET"]}}],"collection":[{"href":"https:\/\/www.platform7x7.com\/n\/wp-json\/wp\/v2\/product"}],"about":[{"href":"https:\/\/www.platform7x7.com\/n\/wp-json\/wp\/v2\/types\/product"}],"replies":[{"embeddable":true,"href":"https:\/\/www.platform7x7.com\/n\/wp-json\/wp\/v2\/comments?post=294160"}],"wp:featuredmedia":[{"embeddable":true,"href":"https:\/\/www.platform7x7.com\/n\/wp-json\/wp\/v2\/media\/301742"}],"wp:attachment":[{"href":"https:\/\/www.platform7x7.com\/n\/wp-json\/wp\/v2\/media?parent=294160"}],"wp:term":[{"taxonomy":"product_brand","embeddable":true,"href":"https:\/\/www.platform7x7.com\/n\/wp-json\/wp\/v2\/product_brand?post=294160"},{"taxonomy":"product_cat","embeddable":true,"href":"https:\/\/www.platform7x7.com\/n\/wp-json\/wp\/v2\/product_cat?post=294160"},{"taxonomy":"product_tag","embeddable":true,"href":"https:\/\/www.platform7x7.com\/n\/wp-json\/wp\/v2\/product_tag?post=294160"}],"curies":[{"name":"wp","href":"https:\/\/api.w.org\/{rel}","templated":true}]}}