{"id":293315,"date":"2024-04-24T15:58:26","date_gmt":"2024-04-24T20:58:26","guid":{"rendered":"https:\/\/www.platform7x7.com\/n\/?post_type=product&#038;p=293315"},"modified":"2025-04-15T10:13:50","modified_gmt":"2025-04-15T15:13:50","slug":"introduccion-al-marketing-digital","status":"publish","type":"product","link":"https:\/\/www.platform7x7.com\/n\/marketplace\/cursos\/introduccion-al-marketing-digital\/","title":{"rendered":"Introducci\u00f3n al Marketing Digital"},"content":{"rendered":"<p><!-- VideographyWP Plugin Message: Automatic video embedding prevented by plugin options. --><\/p>\n","protected":false},"excerpt":{"rendered":"<p>Este curso es tu portal de entrada a un mundo donde la creatividad, la estrategia y la innovaci\u00f3n se fusionan para cautivar y comprometer a una audiencia en constante evoluci\u00f3n. A trav\u00e9s de este viaje de aprendizaje, exploraremos los fundamentos del marketing digital, desde los conceptos b\u00e1sicos hasta las estrategias avanzadas, equip\u00e1ndote con las herramientas y el conocimiento necesario para navegar con confianza en este emocionante \u00e1mbito.<\/p>\n","protected":false},"featured_media":301589,"comment_status":"open","ping_status":"closed","template":"","meta":{"_et_pb_use_builder":"","_et_pb_old_content":"","_et_gb_content_width":"","_joinchat":[]},"product_brand":[],"product_cat":[1184],"product_tag":[],"class_list":{"0":"post-293315","1":"product","2":"type-product","3":"status-publish","4":"has-post-thumbnail","6":"product_cat-cursos","8":"first","9":"instock","10":"virtual","11":"purchasable","12":"product-type-simple"},"_links":{"self":[{"href":"https:\/\/www.platform7x7.com\/n\/wp-json\/wp\/v2\/product\/293315","targetHints":{"allow":["GET"]}}],"collection":[{"href":"https:\/\/www.platform7x7.com\/n\/wp-json\/wp\/v2\/product"}],"about":[{"href":"https:\/\/www.platform7x7.com\/n\/wp-json\/wp\/v2\/types\/product"}],"replies":[{"embeddable":true,"href":"https:\/\/www.platform7x7.com\/n\/wp-json\/wp\/v2\/comments?post=293315"}],"wp:featuredmedia":[{"embeddable":true,"href":"https:\/\/www.platform7x7.com\/n\/wp-json\/wp\/v2\/media\/301589"}],"wp:attachment":[{"href":"https:\/\/www.platform7x7.com\/n\/wp-json\/wp\/v2\/media?parent=293315"}],"wp:term":[{"taxonomy":"product_brand","embeddable":true,"href":"https:\/\/www.platform7x7.com\/n\/wp-json\/wp\/v2\/product_brand?post=293315"},{"taxonomy":"product_cat","embeddable":true,"href":"https:\/\/www.platform7x7.com\/n\/wp-json\/wp\/v2\/product_cat?post=293315"},{"taxonomy":"product_tag","embeddable":true,"href":"https:\/\/www.platform7x7.com\/n\/wp-json\/wp\/v2\/product_tag?post=293315"}],"curies":[{"name":"wp","href":"https:\/\/api.w.org\/{rel}","templated":true}]}}