{"id":85,"date":"2019-08-02T18:51:19","date_gmt":"2019-08-02T23:51:19","guid":{"rendered":"https:\/\/www.platform7x7.com\/n\/tienda\/"},"modified":"2025-04-15T13:56:45","modified_gmt":"2025-04-15T18:56:45","slug":"marketplace","status":"publish","type":"page","link":"https:\/\/www.platform7x7.com\/n\/marketplace\/","title":{"rendered":"Marketplace"},"content":{"rendered":"<p><!-- VideographyWP Plugin Message: Automatic video embedding prevented by plugin options. --><br \/>\n[et_pb_section fb_built=&#8221;1&#8243; _builder_version=&#8221;4.27.4&#8243; _module_preset=&#8221;default&#8221; background_image=&#8221;https:\/\/www.platform7x7.com\/n\/wp-content\/uploads\/2025\/04\/banner-marketplace.jpeg&#8221; custom_margin=&#8221;||||false|false&#8221; custom_padding=&#8221;20px||20px||true|false&#8221; hover_enabled=&#8221;0&#8243; da_disable_devices=&#8221;off|off|off&#8221; global_colors_info=&#8221;{}&#8221; title_text=&#8221;banner-marketplace&#8221; sticky_enabled=&#8221;0&#8243; background_position=&#8221;center_left&#8221; background_color=&#8221;rgba(0,0,0,0.57)&#8221; background_blend=&#8221;overlay&#8221; da_is_popup=&#8221;off&#8221; da_exit_intent=&#8221;off&#8221; da_has_close=&#8221;on&#8221; da_alt_close=&#8221;off&#8221; da_dark_close=&#8221;off&#8221; da_not_modal=&#8221;on&#8221; da_is_singular=&#8221;off&#8221; da_with_loader=&#8221;off&#8221; da_has_shadow=&#8221;on&#8221;][et_pb_row column_structure=&#8221;1_4,1_2,1_4&#8243; use_custom_gutter=&#8221;on&#8221; make_equal=&#8221;on&#8221; _builder_version=&#8221;4.21.0&#8243; _module_preset=&#8221;default&#8221; width=&#8221;100%&#8221; module_alignment=&#8221;center&#8221; custom_padding=&#8221;0px|0px|0px|0px|true|true&#8221; hover_enabled=&#8221;0&#8243; global_colors_info=&#8221;{}&#8221; sticky_enabled=&#8221;0&#8243;][et_pb_column type=&#8221;1_4&#8243; _builder_version=&#8221;4.21.0&#8243; _module_preset=&#8221;default&#8221; global_colors_info=&#8221;{}&#8221;][\/et_pb_column][et_pb_column type=&#8221;1_2&#8243; _builder_version=&#8221;4.21.0&#8243; _module_preset=&#8221;default&#8221; global_colors_info=&#8221;{}&#8221;][et_pb_text _builder_version=&#8221;4.21.0&#8243; _module_preset=&#8221;default&#8221; header_font=&#8221;Montserrat|800|||||||&#8221; header_text_align=&#8221;center&#8221; header_text_color=&#8221;#FFFFFF&#8221; header_font_size=&#8221;50px&#8221; custom_padding=&#8221;50px||||false|false&#8221; custom_padding_tablet=&#8221;10px||||false|false&#8221; custom_padding_phone=&#8221;10px||||false|false&#8221; custom_padding_last_edited=&#8221;on|phone&#8221; global_colors_info=&#8221;{}&#8221;]<\/p>\n<h1>Marketplace OS7<\/h1>\n<p>[\/et_pb_text][\/et_pb_column][et_pb_column type=&#8221;1_4&#8243; disabled_on=&#8221;on|on|off&#8221; _builder_version=&#8221;4.21.0&#8243; _module_preset=&#8221;default&#8221; global_colors_info=&#8221;{}&#8221;][\/et_pb_column][\/et_pb_row][\/et_pb_section][et_pb_section fb_built=&#8221;1&#8243; _builder_version=&#8221;4.24.0&#8243; _module_preset=&#8221;default&#8221; background_color=&#8221;gcid-2eefcbc1-80e0-4093-8608-c553c05174b0&#8243; custom_padding=&#8221;0px||11px|||&#8221; da_disable_devices=&#8221;off|off|off&#8221; global_colors_info=&#8221;{%22gcid-2eefcbc1-80e0-4093-8608-c553c05174b0%22:%91%22background_color%22%93}&#8221; da_is_popup=&#8221;off&#8221; da_exit_intent=&#8221;off&#8221; da_has_close=&#8221;on&#8221; da_alt_close=&#8221;off&#8221; da_dark_close=&#8221;off&#8221; da_not_modal=&#8221;on&#8221; da_is_singular=&#8221;off&#8221; da_with_loader=&#8221;off&#8221; da_has_shadow=&#8221;on&#8221;][et_pb_row column_structure=&#8221;1_4,3_4&#8243; use_custom_gutter=&#8221;on&#8221; gutter_width=&#8221;2&#8243; _builder_version=&#8221;4.24.0&#8243; _module_preset=&#8221;default&#8221; width=&#8221;95%&#8221; module_alignment=&#8221;center&#8221; custom_padding=&#8221;70px||||false|false&#8221; global_colors_info=&#8221;{}&#8221;][et_pb_column type=&#8221;1_4&#8243; _builder_version=&#8221;4.21.0&#8243; _module_preset=&#8221;default&#8221; global_colors_info=&#8221;{}&#8221;][et_pb_sidebar area=&#8221;et_pb_widget_area_4&#8243; _builder_version=&#8221;4.22.2&#8243; _module_preset=&#8221;default&#8221; hover_enabled=&#8221;0&#8243; global_colors_info=&#8221;{}&#8221; sticky_enabled=&#8221;0&#8243;][\/et_pb_sidebar][\/et_pb_column][et_pb_column type=&#8221;3_4&#8243; _builder_version=&#8221;4.21.0&#8243; _module_preset=&#8221;default&#8221; global_colors_info=&#8221;{}&#8221;][et_pb_shop type=&#8221;latest&#8221; posts_number=&#8221;100&#8243; show_pagination=&#8221;on&#8221; columns_number=&#8221;4&#8243; _builder_version=&#8221;4.27.0&#8243; _module_preset=&#8221;default&#8221; title_text_align=&#8221;center&#8221; title_text_color=&#8221;gcid-43161010-e46c-4444-afb4-cf1bcb0be04c&#8221; title_font_size=&#8221;15px&#8221; title_line_height=&#8221;1.3em&#8221; price_font=&#8221;|600|||||||&#8221; price_text_align=&#8221;center&#8221; price_text_color=&#8221;gcid-ebd5616c-3afb-4959-8ba8-d21fbb3b5072&#8243; price_font_size=&#8221;18px&#8221; custom_css_free_form=&#8221;.woocommerce-page.columns-4 ul.products li.product,||.woocommerce.columns-4 ul.products li.product {||    background-color: #ffffff;||    border-radius: 5px;||    padding: 15px;||    height: 300px; \/* Establecemos una altura fija para todos los contenedores *\/||    box-shadow: 0px 2px 5px rgba(0, 0, 0, 0.1);||    display: flex; \/* Utilizamos flexbox para alinear el contenido verticalmente *\/||    flex-direction: column; \/* Alineamos el contenido en columnas *\/||}||||.woocommerce-page.columns-4 ul.products li.product h2,||.woocommerce.columns-4 ul.products li.product h2 {||    flex: 1; \/* Permitimos que el t\u00edtulo ocupe el espacio disponible *\/||    overflow: hidden; \/* Ocultamos cualquier texto que desborde del contenedor *\/||    display: -webkit-box; \/* Establecemos el elemento como caja flexible para usar la propiedad line-clamp *\/||    -webkit-box-orient: vertical; \/* Establecemos la orientaci\u00f3n vertical de la caja *\/||    -webkit-line-clamp: 3; \/* Limitamos el n\u00famero m\u00e1ximo de l\u00edneas a 3 *\/||    white-space: normal; \/* Permitimos que el texto se desplace a una nueva l\u00ednea si es necesario *\/||}||||.woocommerce-page.columns-4 ul.products li.product .price,||.woocommerce.columns-4 ul.products li.product .price {||    margin-top: 10px; \/* A\u00f1adimos un poco de margen arriba del precio *\/||}||||||\/*Ocultar producto*\/||.woocommerce-page.columns-4 ul.products li.product:nth-child(292803),||.woocommerce.columns-4 ul.products li.product:nth-child(292803) {||  display: none;||}&#8221; global_colors_info=&#8221;{%22gcid-43161010-e46c-4444-afb4-cf1bcb0be04c%22:%91%22title_text_color%22%93,%22gcid-ebd5616c-3afb-4959-8ba8-d21fbb3b5072%22:%91%22price_text_color%22%93}&#8221;][\/et_pb_shop][\/et_pb_column][\/et_pb_row][\/et_pb_section]<\/p>\n","protected":false},"excerpt":{"rendered":"<p>Marketplace OS7<\/p>\n","protected":false},"author":1,"featured_media":0,"parent":0,"menu_order":0,"comment_status":"closed","ping_status":"closed","template":"","meta":{"_et_pb_use_builder":"on","_et_pb_old_content":"","_et_gb_content_width":"","_joinchat":[],"footnotes":""},"class_list":["post-85","page","type-page","status-publish","hentry"],"_links":{"self":[{"href":"https:\/\/www.platform7x7.com\/n\/wp-json\/wp\/v2\/pages\/85","targetHints":{"allow":["GET"]}}],"collection":[{"href":"https:\/\/www.platform7x7.com\/n\/wp-json\/wp\/v2\/pages"}],"about":[{"href":"https:\/\/www.platform7x7.com\/n\/wp-json\/wp\/v2\/types\/page"}],"author":[{"embeddable":true,"href":"https:\/\/www.platform7x7.com\/n\/wp-json\/wp\/v2\/users\/1"}],"replies":[{"embeddable":true,"href":"https:\/\/www.platform7x7.com\/n\/wp-json\/wp\/v2\/comments?post=85"}],"version-history":[{"count":1,"href":"https:\/\/www.platform7x7.com\/n\/wp-json\/wp\/v2\/pages\/85\/revisions"}],"predecessor-version":[{"id":301790,"href":"https:\/\/www.platform7x7.com\/n\/wp-json\/wp\/v2\/pages\/85\/revisions\/301790"}],"wp:attachment":[{"href":"https:\/\/www.platform7x7.com\/n\/wp-json\/wp\/v2\/media?parent=85"}],"curies":[{"name":"wp","href":"https:\/\/api.w.org\/{rel}","templated":true}]}}