{"id":684,"date":"2019-09-24T18:11:12","date_gmt":"2019-09-24T23:11:12","guid":{"rendered":"https:\/\/www.platform7x7.com\/n\/?page_id=684"},"modified":"2024-01-29T09:45:55","modified_gmt":"2024-01-29T14:45:55","slug":"academy-7","status":"publish","type":"page","link":"https:\/\/www.platform7x7.com\/n\/academy-7\/","title":{"rendered":"Academy 7"},"content":{"rendered":"<p><!-- VideographyWP Plugin Message: Automatic video embedding prevented by plugin options. --><br \/>\n[et_pb_section fb_built=&#8221;1&#8243; _builder_version=&#8221;4.16&#8243; background_color=&#8221;rgba(0,0,0,0.69)&#8221; background_image=&#8221;https:\/\/www.platform7x7.com\/n\/wp-content\/uploads\/2019\/08\/bg-title-noticias.jpg&#8221; background_blend=&#8221;overlay&#8221; custom_padding=&#8221;0px||0px|||&#8221; global_colors_info=&#8221;{}&#8221;][et_pb_row _builder_version=&#8221;4.16&#8243; global_colors_info=&#8221;{}&#8221;][et_pb_column type=&#8221;4_4&#8243; _builder_version=&#8221;4.16&#8243; global_colors_info=&#8221;{}&#8221;][et_pb_text _builder_version=&#8221;4.22.2&#8243; text_font=&#8221;Aguafina Script||||||||&#8221; header_font=&#8221;Abhaya Libre||||||||&#8221; header_text_align=&#8221;left&#8221; header_text_color=&#8221;#E09900&#8243; header_line_height=&#8221;1.2em&#8221; header_2_text_color=&#8221;#FFFFFF&#8221; hover_enabled=&#8221;0&#8243; global_colors_info=&#8221;{}&#8221; sticky_enabled=&#8221;0&#8243; header_font_size=&#8221;43px&#8221; header_2_font=&#8221;||||||||&#8221;]<\/p>\n<h1>ACADEMY 7&#215;7.COM<\/h1>\n<h2>La nueva tendencia en la educaci\u00f3n esta a traves del internet para que estudiantes y profesionales adquieran nuevos conocimientos especializados.<\/h2>\n<p>[\/et_pb_text][\/et_pb_column][\/et_pb_row][\/et_pb_section][et_pb_section fb_built=&#8221;1&#8243; _builder_version=&#8221;4.16&#8243; custom_padding=&#8221;0px||0px|||&#8221; global_colors_info=&#8221;{}&#8221;][et_pb_row column_structure=&#8221;1_3,1_3,1_3&#8243; _builder_version=&#8221;4.16&#8243; width=&#8221;90%&#8221; max_width=&#8221;1400px&#8221; global_colors_info=&#8221;{}&#8221;][et_pb_column type=&#8221;1_3&#8243; _builder_version=&#8221;4.16&#8243; global_colors_info=&#8221;{}&#8221;][et_pb_blurb title=&#8221;CURSOS Y TUTORIALES&#8221; image_icon_width=&#8221;90%&#8221; _builder_version=&#8221;4.22.2&#8243; _dynamic_attributes=&#8221;link_option_url&#8221; header_text_align=&#8221;center&#8221; header_text_color=&#8221;#000000&#8243; link_option_url=&#8221;@ET-DC@eyJkeW5hbWljIjp0cnVlLCJjb250ZW50IjoicG9zdF9saW5rX3VybF9wYWdlIiwic2V0dGluZ3MiOnsicG9zdF9pZCI6IjIzNTAxNCJ9fQ==@&#8221; hover_enabled=&#8221;0&#8243; icon_font_size=&#8221;70px&#8221; global_colors_info=&#8221;{}&#8221; sticky_enabled=&#8221;0&#8243; title_text=&#8221;Molly Wright: How every child can thrive by five | TED &#8211; youtube&#8221; image=&#8221;https:\/\/www.platform7x7.com\/n\/wp-content\/uploads\/2023\/10\/Molly-Wright-How-every-child-can-thrive-by-five-TED.jpg&#8221; body_text_align=&#8221;center&#8221; body_text_color=&#8221;#000000&#8243;]<\/p>\n<p>Busca los cursos de pago y cursos gratuitos<\/p>\n<p>[\/et_pb_blurb][\/et_pb_column][et_pb_column type=&#8221;1_3&#8243; _builder_version=&#8221;4.16&#8243; global_colors_info=&#8221;{}&#8221;][et_pb_blurb title=&#8221;BIBLIOTECA DIGITAL&#8221; image_icon_width=&#8221;90%&#8221; _builder_version=&#8221;4.22.2&#8243; _dynamic_attributes=&#8221;link_option_url&#8221; header_text_align=&#8221;center&#8221; header_text_color=&#8221;#000000&#8243; link_option_url=&#8221;@ET-DC@eyJkeW5hbWljIjp0cnVlLCJjb250ZW50IjoicG9zdF9saW5rX3VybF9wYWdlIiwic2V0dGluZ3MiOnsicG9zdF9pZCI6IjIzNDY5NiJ9fQ==@&#8221; hover_enabled=&#8221;0&#8243; icon_font_size=&#8221;70px&#8221; global_colors_info=&#8221;{}&#8221; sticky_enabled=&#8221;0&#8243; title_text=&#8221;Concierto de Sanaci\u00f3n. EN VIVO. Gladys Garcete. M\u00fasica Cat\u00f3lica. &#8211; youtube&#8221; image=&#8221;https:\/\/www.platform7x7.com\/n\/wp-content\/uploads\/2023\/10\/Concierto-de-Sanacin-EN-VIVO-Gladys-Garcete-Msica-Catlica.jpg&#8221;]<\/p>\n<p style=\"text-align: center;\">Explora nuestra diferente gama de videos y\u00a0 de libros selecionados para ampliar tus conocimientos.<\/p>\n<p>[\/et_pb_blurb][\/et_pb_column][et_pb_column type=&#8221;1_3&#8243; _builder_version=&#8221;4.16&#8243; global_colors_info=&#8221;{}&#8221;][et_pb_blurb title=&#8221;MURO ESPIRITUAL&#8221; image_icon_width=&#8221;90%&#8221; _builder_version=&#8221;4.22.2&#8243; _dynamic_attributes=&#8221;link_option_url&#8221; header_text_align=&#8221;center&#8221; header_text_color=&#8221;#000000&#8243; link_option_url=&#8221;@ET-DC@eyJkeW5hbWljIjp0cnVlLCJjb250ZW50IjoicG9zdF9saW5rX3VybF9wYWdlIiwic2V0dGluZ3MiOnsicG9zdF9pZCI6IjIzNDY3NSJ9fQ==@&#8221; hover_enabled=&#8221;0&#8243; icon_font_size=&#8221;70px&#8221; global_colors_info=&#8221;{}&#8221; title_text=&#8221;S\u00c1NAME JES\u00daS (Lyric Video) &#8211;  M\u00fasica Cat\u00f3lica . GLADYS GARCETE &#8211; youtube&#8221; image=&#8221;https:\/\/www.platform7x7.com\/n\/wp-content\/uploads\/2023\/10\/SNAME-JESS-Lyric-Video-Msica-Catlica-GLADYS-GARCETE.jpg&#8221; sticky_enabled=&#8221;0&#8243;]<\/p>\n<p style=\"text-align: center;\">Recibe gratis el conocimiento de D\u00edos cuidadosamenmte seleccionado para tu crecimiento espiritual.<\/p>\n<p>[\/et_pb_blurb][\/et_pb_column][\/et_pb_row][\/et_pb_section]<\/p>\n","protected":false},"excerpt":{"rendered":"<p>ACADEMY 7&#215;7.COM La nueva tendencia en la educaci\u00f3n esta a traves del internet para que estudiantes y profesionales adquieran nuevos conocimientos especializados.Busca los cursos de pago y cursos gratuitosExplora nuestra diferente gama de videos y\u00a0 de libros selecionados para ampliar tus conocimientos.Recibe gratis el conocimiento de D\u00edos cuidadosamenmte seleccionado para tu crecimiento espiritual.<\/p>\n","protected":false},"author":1,"featured_media":0,"parent":0,"menu_order":0,"comment_status":"closed","ping_status":"closed","template":"","meta":{"_et_pb_use_builder":"on","_et_pb_old_content":"","_et_gb_content_width":"","_joinchat":[],"footnotes":""},"class_list":["post-684","page","type-page","status-publish","hentry"],"_links":{"self":[{"href":"https:\/\/www.platform7x7.com\/n\/wp-json\/wp\/v2\/pages\/684","targetHints":{"allow":["GET"]}}],"collection":[{"href":"https:\/\/www.platform7x7.com\/n\/wp-json\/wp\/v2\/pages"}],"about":[{"href":"https:\/\/www.platform7x7.com\/n\/wp-json\/wp\/v2\/types\/page"}],"author":[{"embeddable":true,"href":"https:\/\/www.platform7x7.com\/n\/wp-json\/wp\/v2\/users\/1"}],"replies":[{"embeddable":true,"href":"https:\/\/www.platform7x7.com\/n\/wp-json\/wp\/v2\/comments?post=684"}],"version-history":[{"count":0,"href":"https:\/\/www.platform7x7.com\/n\/wp-json\/wp\/v2\/pages\/684\/revisions"}],"wp:attachment":[{"href":"https:\/\/www.platform7x7.com\/n\/wp-json\/wp\/v2\/media?parent=684"}],"curies":[{"name":"wp","href":"https:\/\/api.w.org\/{rel}","templated":true}]}}