{"id":257535,"date":"2023-08-10T10:29:06","date_gmt":"2023-08-10T15:29:06","guid":{"rendered":"https:\/\/www.platform7x7.com\/n\/?page_id=257535"},"modified":"2024-05-06T16:25:36","modified_gmt":"2024-05-06T21:25:36","slug":"beneficios-asociados-afiliados","status":"publish","type":"page","link":"https:\/\/www.platform7x7.com\/n\/beneficios-asociados-afiliados\/","title":{"rendered":"Beneficios Asociados Afiliados"},"content":{"rendered":"<p><!-- VideographyWP Plugin Message: Automatic video embedding prevented by plugin options. --><br \/>\n[et_pb_section fb_built=&#8221;1&#8243; _builder_version=&#8221;4.21.0&#8243; _module_preset=&#8221;default&#8221; module_alignment=&#8221;center&#8221; global_colors_info=&#8221;{}&#8221; da_is_popup=&#8221;off&#8221; da_exit_intent=&#8221;off&#8221; da_has_close=&#8221;on&#8221; da_alt_close=&#8221;off&#8221; da_dark_close=&#8221;off&#8221; da_not_modal=&#8221;on&#8221; da_is_singular=&#8221;off&#8221; da_with_loader=&#8221;off&#8221; da_has_shadow=&#8221;on&#8221; da_disable_devices=&#8221;off|off|off&#8221;][et_pb_row _builder_version=&#8221;4.21.0&#8243; _module_preset=&#8221;default&#8221; width_tablet=&#8221;&#8221; width_phone=&#8221;95%&#8221; width_last_edited=&#8221;on|phone&#8221; module_alignment=&#8221;center&#8221; custom_margin=&#8221;0px||0px||true|false&#8221; custom_margin_tablet=&#8221;0px||0px||true|false&#8221; custom_margin_phone=&#8221;10px||10px||true|false&#8221; custom_margin_last_edited=&#8221;on|phone&#8221; custom_padding=&#8221;5px||5px||true|false&#8221; global_colors_info=&#8221;{}&#8221;][et_pb_column type=&#8221;4_4&#8243; _builder_version=&#8221;4.21.0&#8243; _module_preset=&#8221;default&#8221; global_colors_info=&#8221;{}&#8221;][dsm_gradient_text gradient_text=&#8221;Beneficios para Afiliados Asociados&#8221; _builder_version=&#8221;4.21.0&#8243; _module_preset=&#8221;default&#8221; header_level=&#8221;h3&#8243; header_font=&#8221;Montserrat|800||on|||||&#8221; header_text_align=&#8221;center&#8221; header_font_size=&#8221;40px&#8221; background_color_gradient_stops=&#8221;#2b87da 0%|#000000 99%&#8221; text_orientation=&#8221;center&#8221; header_font_size_tablet=&#8221;&#8221; header_font_size_phone=&#8221;&#8221; header_font_size_last_edited=&#8221;on|phone&#8221; locked=&#8221;off&#8221; global_colors_info=&#8221;{}&#8221;][\/dsm_gradient_text][\/et_pb_column][\/et_pb_row][\/et_pb_section][et_pb_section fb_built=&#8221;1&#8243; prev_background_color=&#8221;#ffffff&#8221; next_background_color=&#8221;#ffffff&#8221; _builder_version=&#8221;4.21.0&#8243; background_enable_color=&#8221;off&#8221; use_background_color_gradient=&#8221;on&#8221; background_color_gradient_direction=&#8221;150deg&#8221; background_color_gradient_stops=&#8221;#000000 0%|rgba(12,113,195,0.31) 100%&#8221; background_color_gradient_start=&#8221;#000000&#8243; background_color_gradient_end=&#8221;rgba(12,113,195,0.31)&#8221; background_image=&#8221;https:\/\/www.platform7x7.com\/n\/wp-content\/uploads\/2019\/07\/negocios-internacionales-2018.jpg&#8221; background_position=&#8221;top_center&#8221; background_blend=&#8221;overlay&#8221; width_tablet=&#8221;&#8221; width_phone=&#8221;&#8221; width_last_edited=&#8221;on|phone&#8221; module_alignment=&#8221;center&#8221; custom_padding=&#8221;119px||120px||false|false&#8221; top_divider_style=&#8221;slant2&#8243; bottom_divider_style=&#8221;slant2&#8243; bottom_divider_flip=&#8221;horizontal&#8221; locked=&#8221;off&#8221; global_colors_info=&#8221;{}&#8221; da_is_popup=&#8221;off&#8221; da_exit_intent=&#8221;off&#8221; da_has_close=&#8221;on&#8221; da_alt_close=&#8221;off&#8221; da_dark_close=&#8221;off&#8221; da_not_modal=&#8221;on&#8221; da_is_singular=&#8221;off&#8221; da_with_loader=&#8221;off&#8221; da_has_shadow=&#8221;on&#8221; da_disable_devices=&#8221;off|off|off&#8221;][et_pb_row column_structure=&#8221;1_2,1_2&#8243; _builder_version=&#8221;4.21.0&#8243; width=&#8221;90%&#8221; max_width=&#8221;1400px&#8221; custom_margin=&#8221;0px||0px||false|false&#8221; custom_padding=&#8221;0px||0px||false|false&#8221; global_colors_info=&#8221;{}&#8221;][et_pb_column type=&#8221;1_2&#8243; _builder_version=&#8221;4.21.0&#8243; background_enable_color=&#8221;off&#8221; border_radii=&#8221;on|20px|20px|20px|20px&#8221; global_colors_info=&#8221;{%22gcid-8e0b2370-ffb2-4676-9d2e-59ca2032fe41%22:%91%22background_color%22%93}&#8221;][et_pb_text _builder_version=&#8221;4.21.0&#8243; _module_preset=&#8221;default&#8221; text_font=&#8221;Open Sans||||||||&#8221; text_text_color=&#8221;#FFFFFF&#8221; header_4_text_color=&#8221;gcid-5ae6ece9-6f3f-4311-b4f4-48d1da3f9914&#8243; header_6_font=&#8221;Montserrat|700|||||||&#8221; header_6_text_align=&#8221;center&#8221; header_6_text_color=&#8221;#FFFFFF&#8221; header_6_font_size=&#8221;20px&#8221; header_6_line_height=&#8221;1.3em&#8221; background_color=&#8221;RGBA(255,255,255,0)&#8221; text_orientation=&#8221;justify&#8221; custom_padding=&#8221;30px|30px|30px|30px|false|false&#8221; border_radii=&#8221;on|20px|20px|20px|20px&#8221; border_width_all=&#8221;2px&#8221; border_color_all=&#8221;RGBA(255,255,255,0)&#8221; global_colors_info=&#8221;{%22gcid-5ae6ece9-6f3f-4311-b4f4-48d1da3f9914%22:%91%22header_4_text_color%22%93}&#8221;]<\/p>\n<h4>\u00a1Descubre el poder de la persuasi\u00f3n positiva para transformar tus negocios y conectar con tus clientes de manera efectiva!<\/h4>\n<p>[\/et_pb_text][et_pb_text _builder_version=&#8221;4.21.0&#8243; _module_preset=&#8221;default&#8221; text_text_color=&#8221;#FFFFFF&#8221; text_font_size=&#8221;25px&#8221; global_colors_info=&#8221;{}&#8221;]<\/p>\n<p style=\"text-align: center;\"><strong>\u00a1EL \u00c9XITO EST\u00c1 A TU ALCANCE!<\/strong><\/p>\n<p>[\/et_pb_text][\/et_pb_column][et_pb_column type=&#8221;1_2&#8243; _builder_version=&#8221;4.16&#8243; global_colors_info=&#8221;{}&#8221;][\/et_pb_column][\/et_pb_row][\/et_pb_section][et_pb_section fb_built=&#8221;1&#8243; _builder_version=&#8221;4.21.0&#8243; _module_preset=&#8221;default&#8221; global_colors_info=&#8221;{}&#8221; da_is_popup=&#8221;off&#8221; da_exit_intent=&#8221;off&#8221; da_has_close=&#8221;on&#8221; da_alt_close=&#8221;off&#8221; da_dark_close=&#8221;off&#8221; da_not_modal=&#8221;on&#8221; da_is_singular=&#8221;off&#8221; da_with_loader=&#8221;off&#8221; da_has_shadow=&#8221;on&#8221; da_disable_devices=&#8221;off|off|off&#8221;][et_pb_row column_structure=&#8221;1_2,1_2&#8243; _builder_version=&#8221;4.21.0&#8243; _module_preset=&#8221;default&#8221; custom_margin=&#8221;0px||0px||true|false&#8221; custom_padding=&#8221;0px||0px||true|false&#8221; global_colors_info=&#8221;{}&#8221;][et_pb_column type=&#8221;1_2&#8243; _builder_version=&#8221;4.21.0&#8243; _module_preset=&#8221;default&#8221; global_colors_info=&#8221;{}&#8221;][et_pb_text _builder_version=&#8221;4.24.2&#8243; _module_preset=&#8221;default&#8221; text_font=&#8221;Open Sans||||||||&#8221; text_text_color=&#8221;gcid-a896aafa-157f-4587-95b6-92a164b58d55&#8243; text_orientation=&#8221;justified&#8221; hover_enabled=&#8221;0&#8243; global_colors_info=&#8221;{%22gcid-a896aafa-157f-4587-95b6-92a164b58d55%22:%91%22text_text_color%22%93}&#8221; sticky_enabled=&#8221;0&#8243;]<\/p>\n<p>Apreciados amigos, a continuaci\u00f3n\u00a0les detallo algunos beneficios que pueden usar para manejar la persuasi\u00f3n positiva en sus clientes, sus referidos, sus prospectos, y para ustedes si ya tienen\u00a0un negocio propio.<\/p>\n<p>Recuerden si necesitan una p\u00e1gina web, si su cliente no la tiene, o quieren poner al d\u00eda la que tienen, nosotros se las dise\u00f1amos, visiten en la <strong>platform7x7.com,\u00a0 WEB 749 y F\u00c1BRICA DE SOFTWARE<\/strong> entre los portafolios, as\u00ed tambi\u00e9n podr\u00edan tener ingresos alternativos por recomendar o vender estos servicios.<\/p>\n<p>Cuando ustedes est\u00e1n dando gratis esta p\u00e1gina publicitaria, incluyendo sus productos y servicios por un a\u00f1o en el <a href=\"https:\/\/www.platform7x7.com\/n\/marketplace\/\">MARKETPLACE<\/a> de platform7x7.com, est\u00e1n apoyando su cliente y est\u00e1n ayudando a que aumente sus ventas, esto puede tener una retribuci\u00f3n muy favorable y econ\u00f3mica para todos. Lo que pedimos es que si el cliente que publique una p\u00e1gina con nosotros, si llegase a tener ventas nos de una contribuci\u00f3n voluntaria mes a mes\u00a0 o al final de a\u00f1o, si no logro nada, no nos debe nada.<\/p>\n<p>[\/et_pb_text][\/et_pb_column][et_pb_column type=&#8221;1_2&#8243; _builder_version=&#8221;4.21.0&#8243; _module_preset=&#8221;default&#8221; global_colors_info=&#8221;{}&#8221;][et_pb_text _builder_version=&#8221;4.24.2&#8243; _module_preset=&#8221;default&#8221; text_font=&#8221;Open Sans||||||||&#8221; text_text_color=&#8221;gcid-a896aafa-157f-4587-95b6-92a164b58d55&#8243; text_orientation=&#8221;justified&#8221; hover_enabled=&#8221;0&#8243; global_colors_info=&#8221;{%22gcid-a896aafa-157f-4587-95b6-92a164b58d55%22:%91%22text_text_color%22%93}&#8221; sticky_enabled=&#8221;0&#8243;]<\/p>\n<p>Ahora bien si alguien en nuestra red de promotores independientes quieren recomendar estos productos a un cliente, o hacerle campa\u00f1a con su c\u00f3digo \u00fanico en redes sociales o cualquier medio, y si un prospecto est\u00e1 interesado lo referir\u00e1 a un <strong>AFILIADO\u00a0ASOCIADO<\/strong>, que puede ser un vendedor profesional que\u00a0 cerrara\u00a0la venta y ambos tendr\u00e1n\u00a0una comisi\u00f3n que se debe haber pactado previamente entre OS7 GROUP\u00a0Y EL CLIENTE.<\/p>\n<p data-pm-slice=\"1 1 []\">Los Afiliados Asociados pueden convertirse\u00a0en vendedores profesionales si quieren ganar dinero, cerrando estos negocios referenciados por los promotores.<\/p>\n<p>En <strong>OS7 STREAM<\/strong> encontrar\u00e1n el instructivo de como ustedes pueden subirle la p\u00e1gina publicitaria gratuita a sus contactos. Si ellos no la pueden subir por falta de tiempo usted podr\u00eda, promotor o asociado hacerles este trabajo gratis o a cambio de un peque\u00f1o costo, o nosotros lo referimos a alguien que\u00a0 haga este trabajo a un costo muy bajo por cada p\u00e1gina gratuita que decidan regalar.<\/p>\n<p>&nbsp;<\/p>\n<p>[\/et_pb_text][\/et_pb_column][\/et_pb_row][\/et_pb_section][et_pb_section fb_built=&#8221;1&#8243; _builder_version=&#8221;4.21.0&#8243; _module_preset=&#8221;default&#8221; background_color=&#8221;gcid-2eefcbc1-80e0-4093-8608-c553c05174b0&#8243; custom_margin=&#8221;20px||||false|false&#8221; top_divider_style=&#8221;slant2&#8243; top_divider_color=&#8221;#FFFFFF&#8221; top_divider_height=&#8221;80px&#8221; top_divider_flip=&#8221;horizontal&#8221; bottom_divider_style=&#8221;slant2&#8243; bottom_divider_color=&#8221;#000000&#8243; bottom_divider_flip=&#8221;horizontal&#8221; global_colors_info=&#8221;{%22gcid-2eefcbc1-80e0-4093-8608-c553c05174b0%22:%91%22background_color%22%93}&#8221; da_is_popup=&#8221;off&#8221; da_exit_intent=&#8221;off&#8221; da_has_close=&#8221;on&#8221; da_alt_close=&#8221;off&#8221; da_dark_close=&#8221;off&#8221; da_not_modal=&#8221;on&#8221; da_is_singular=&#8221;off&#8221; da_with_loader=&#8221;off&#8221; da_has_shadow=&#8221;on&#8221; da_disable_devices=&#8221;off|off|off&#8221;][et_pb_row _builder_version=&#8221;4.21.0&#8243; _module_preset=&#8221;default&#8221; global_colors_info=&#8221;{}&#8221;][et_pb_column type=&#8221;4_4&#8243; _builder_version=&#8221;4.21.0&#8243; _module_preset=&#8221;default&#8221; global_colors_info=&#8221;{}&#8221;][et_pb_text _builder_version=&#8221;4.21.0&#8243; _module_preset=&#8221;default&#8221; header_3_font=&#8221;Montserrat|700||on|||||&#8221; header_3_text_align=&#8221;center&#8221; header_3_text_color=&#8221;gcid-c4a52396-80d9-4730-a72d-e649f9060e1c&#8221; global_colors_info=&#8221;{%22gcid-c4a52396-80d9-4730-a72d-e649f9060e1c%22:%91%22header_3_text_color%22%93}&#8221;]<\/p>\n<h3 data-pm-slice=\"1 1 []\">BENEFICIOS SON:<\/h3>\n<p>[\/et_pb_text][\/et_pb_column][\/et_pb_row][et_pb_row column_structure=&#8221;1_2,1_2&#8243; _builder_version=&#8221;4.21.0&#8243; _module_preset=&#8221;default&#8221; global_colors_info=&#8221;{}&#8221;][et_pb_column type=&#8221;1_2&#8243; _builder_version=&#8221;4.21.0&#8243; _module_preset=&#8221;default&#8221; global_colors_info=&#8221;{}&#8221;][et_pb_text _builder_version=&#8221;4.24.2&#8243; _module_preset=&#8221;default&#8221; ol_font=&#8221;||||||||&#8221; ol_text_align=&#8221;justify&#8221; ol_text_color=&#8221;gcid-c6667f01-a91e-4b46-ab46-eb73b43ac848&#8243; ol_font_size=&#8221;16px&#8221; ol_line_height=&#8221;2em&#8221; module_alignment=&#8221;center&#8221; hover_enabled=&#8221;0&#8243; global_colors_info=&#8221;{%22gcid-c6667f01-a91e-4b46-ab46-eb73b43ac848%22:%91%22ol_text_color%22%93}&#8221; sticky_enabled=&#8221;0&#8243;]<\/p>\n<p><strong>1.<\/strong> Exponer sus productos o servicios a nivel usa y el mundo recibiendo una p\u00e1gina publicitaria gratuita en nuestraplatform7x7.Com<\/p>\n<p><strong>2. <\/strong>Poder hacer ventas directas.<\/p>\n<p><strong>3.<\/strong> Alcanzar nuevos mercados potenciales.<\/p>\n<p><strong>4.<\/strong> Obtener clientes entre millones online.<\/p>\n<p><strong>5.<\/strong> Tener de parte nuestra una red de vendedores profesionales que cierren negocios por ustedes.<\/p>\n<p><strong>6.<\/strong> Tener acceso a herramientas tecnol\u00f3gicas, estrategias, educaci\u00f3n en l\u00ednea, y acompa\u00f1amiento personalizado para aumentar sus ventas a\u00f1o a a\u00f1o.<\/p>\n<p><strong>7.<\/strong> Obtener a trav\u00e9s de OS7 GROUP, inversores interesados en su negocio o empresa.<\/p>\n<p><strong>8.<\/strong> Obtener capital de trabajo o financiamientos.<\/p>\n<p>[\/et_pb_text][\/et_pb_column][et_pb_column type=&#8221;1_2&#8243; _builder_version=&#8221;4.21.0&#8243; _module_preset=&#8221;default&#8221; global_colors_info=&#8221;{}&#8221;][et_pb_text _builder_version=&#8221;4.24.2&#8243; _module_preset=&#8221;default&#8221; ol_font=&#8221;||||||||&#8221; ol_text_align=&#8221;justify&#8221; ol_text_color=&#8221;gcid-c6667f01-a91e-4b46-ab46-eb73b43ac848&#8243; ol_font_size=&#8221;16px&#8221; ol_line_height=&#8221;2em&#8221; module_alignment=&#8221;center&#8221; hover_enabled=&#8221;0&#8243; global_colors_info=&#8221;{%22gcid-c6667f01-a91e-4b46-ab46-eb73b43ac848%22:%91%22ol_text_color%22%93}&#8221; sticky_enabled=&#8221;0&#8243;]<\/p>\n<p><strong>9.<\/strong> Lograr representantes de su empresa a nivel internacional.<\/p>\n<p><strong>10.<\/strong> Acceder a una red de inversores \u00e1ngeles para presentar sus proyectos-<\/p>\n<p><strong>11.<\/strong> Vender su negocio o empresa a trav\u00e9s de OS7 GROUP.<\/p>\n<p><strong>12.<\/strong> Subir videos con su historia que vende.<\/p>\n<p><strong>13.<\/strong> Subir videos que ense\u00f1en nuevas t\u00e9cnicas de su negocio.<\/p>\n<p><strong>14.<\/strong> Subir videos de su empresa para atraer clientes.<\/p>\n<p><strong>15.<\/strong> Subir videos de sus \u00e9xitos, proyectos, nuevas expansiones.<\/p>\n<p><strong>16.<\/strong> Videos mostrando los perfiles de sus directores.<\/p>\n<p><strong>17.<\/strong> Tener una comunidad internacional a su alcance, entre muchos otros beneficios.<\/p>\n<p>[\/et_pb_text][\/et_pb_column][\/et_pb_row][et_pb_row _builder_version=&#8221;4.21.0&#8243; _module_preset=&#8221;default&#8221; global_colors_info=&#8221;{}&#8221;][et_pb_column type=&#8221;4_4&#8243; _builder_version=&#8221;4.21.0&#8243; _module_preset=&#8221;default&#8221; global_colors_info=&#8221;{}&#8221;][et_pb_button button_url=&#8221;https:\/\/www.platform7x7.com\/n\/mi-cuenta\/&#8221; button_text=&#8221;\u00a1Inscr\u00edbete gratis aqu\u00ed!&#8221; button_alignment=&#8221;center&#8221; _builder_version=&#8221;4.21.0&#8243; _module_preset=&#8221;default&#8221; custom_button=&#8221;on&#8221; button_text_color=&#8221;#FFFFFF&#8221; button_bg_color=&#8221;gcid-ebd5616c-3afb-4959-8ba8-d21fbb3b5072&#8243; button_border_width=&#8221;2px&#8221; button_border_color=&#8221;#FFFFFF&#8221; button_border_radius=&#8221;100px&#8221; button_font=&#8221;Open Sans|600||on|||||&#8221; button_icon=&#8221;&#xf0a5;||fa||400&#8243; background_layout=&#8221;dark&#8221; button_text_size_tablet=&#8221;&#8221; button_text_size_phone=&#8221;15px&#8221; button_text_size_last_edited=&#8221;on|phone&#8221; locked=&#8221;off&#8221; global_colors_info=&#8221;{%22gcid-ebd5616c-3afb-4959-8ba8-d21fbb3b5072%22:%91%22button_bg_color%22%93}&#8221;][\/et_pb_button][\/et_pb_column][\/et_pb_row][\/et_pb_section]<\/p>\n","protected":false},"excerpt":{"rendered":"<p><div class=\"et_pb_module dsm_gradient_text dsm_gradient_text_0  et_pb_text_align_center\">\n\t\t\t\t\n\t\t\t\t\n\t\t\t\t\n\t\t\t\t\n\t\t\t\t\n\t\t\t\t\n\t\t\t\t<div class=\"et_pb_module_inner\">\n\t\t\t\t\t<h3 class=\"dsm-gradient-text et_pb_module_header\">Beneficios para Afiliados Asociados<\/h3>\n\t\t\t\t<\/div>\n\t\t\t<\/div>\u00a1Descubre el poder de la persuasi\u00f3n positiva para transformar tus negocios y conectar con tus clientes de manera efectiva!\u00a1EL \u00c9XITO EST\u00c1 A TU ALCANCE!Apreciados amigos, a continuaci\u00f3n\u00a0les detallo algunos beneficios que pueden usar para manejar la [&hellip;]<\/p>\n","protected":false},"author":24,"featured_media":0,"parent":0,"menu_order":0,"comment_status":"closed","ping_status":"closed","template":"","meta":{"_et_pb_use_builder":"on","_et_pb_old_content":"","_et_gb_content_width":"","_joinchat":[],"footnotes":""},"class_list":["post-257535","page","type-page","status-publish","hentry"],"_links":{"self":[{"href":"https:\/\/www.platform7x7.com\/n\/wp-json\/wp\/v2\/pages\/257535","targetHints":{"allow":["GET"]}}],"collection":[{"href":"https:\/\/www.platform7x7.com\/n\/wp-json\/wp\/v2\/pages"}],"about":[{"href":"https:\/\/www.platform7x7.com\/n\/wp-json\/wp\/v2\/types\/page"}],"author":[{"embeddable":true,"href":"https:\/\/www.platform7x7.com\/n\/wp-json\/wp\/v2\/users\/24"}],"replies":[{"embeddable":true,"href":"https:\/\/www.platform7x7.com\/n\/wp-json\/wp\/v2\/comments?post=257535"}],"version-history":[{"count":0,"href":"https:\/\/www.platform7x7.com\/n\/wp-json\/wp\/v2\/pages\/257535\/revisions"}],"wp:attachment":[{"href":"https:\/\/www.platform7x7.com\/n\/wp-json\/wp\/v2\/media?parent=257535"}],"curies":[{"name":"wp","href":"https:\/\/api.w.org\/{rel}","templated":true}]}}