{"id":295039,"date":"2024-11-27T17:44:19","date_gmt":"2024-11-27T22:44:19","guid":{"rendered":"https:\/\/www.platform7x7.com\/n\/?post_type=product&#038;p=295039"},"modified":"2025-04-15T14:06:05","modified_gmt":"2025-04-15T19:06:05","slug":"seguro-de-vida","status":"publish","type":"product","link":"https:\/\/www.platform7x7.com\/n\/en\/marketplace\/servicios\/seguro-de-vida\/","title":{"rendered":"Seguro de vida"},"content":{"rendered":"<p><!-- VideographyWP Plugin Message: Automatic video embedding prevented by plugin options. --><\/p>","protected":false},"excerpt":{"rendered":"<p>Medicare original, administrado por el gobierno federal, permite a las personas elegir proveedores de atenci\u00f3n m\u00e9dica que acepten Medicare. Es importante confirmar con los proveedores que aceptan la asignaci\u00f3n de Medicare, lo que significa que aceptan el monto aprobado por Medicare como pago total por los servicios cubiertos.<\/p>","protected":false},"featured_media":301766,"comment_status":"open","ping_status":"closed","template":"","meta":{"_et_pb_use_builder":"","_et_pb_old_content":"","_et_gb_content_width":"","_joinchat":[]},"product_brand":[],"product_cat":[132],"product_tag":[],"class_list":{"0":"post-295039","1":"product","2":"type-product","3":"status-publish","4":"has-post-thumbnail","6":"product_cat-servicios","8":"first","9":"instock","10":"shipping-taxable","11":"product-type-simple"},"_links":{"self":[{"href":"https:\/\/www.platform7x7.com\/n\/en\/wp-json\/wp\/v2\/product\/295039","targetHints":{"allow":["GET"]}}],"collection":[{"href":"https:\/\/www.platform7x7.com\/n\/en\/wp-json\/wp\/v2\/product"}],"about":[{"href":"https:\/\/www.platform7x7.com\/n\/en\/wp-json\/wp\/v2\/types\/product"}],"replies":[{"embeddable":true,"href":"https:\/\/www.platform7x7.com\/n\/en\/wp-json\/wp\/v2\/comments?post=295039"}],"wp:featuredmedia":[{"embeddable":true,"href":"https:\/\/www.platform7x7.com\/n\/en\/wp-json\/wp\/v2\/media\/301766"}],"wp:attachment":[{"href":"https:\/\/www.platform7x7.com\/n\/en\/wp-json\/wp\/v2\/media?parent=295039"}],"wp:term":[{"taxonomy":"product_brand","embeddable":true,"href":"https:\/\/www.platform7x7.com\/n\/en\/wp-json\/wp\/v2\/product_brand?post=295039"},{"taxonomy":"product_cat","embeddable":true,"href":"https:\/\/www.platform7x7.com\/n\/en\/wp-json\/wp\/v2\/product_cat?post=295039"},{"taxonomy":"product_tag","embeddable":true,"href":"https:\/\/www.platform7x7.com\/n\/en\/wp-json\/wp\/v2\/product_tag?post=295039"}],"curies":[{"name":"wp","href":"https:\/\/api.w.org\/{rel}","templated":true}]}}