{"id":294177,"date":"2024-07-09T14:11:07","date_gmt":"2024-07-09T19:11:07","guid":{"rendered":"https:\/\/www.platform7x7.com\/n\/?post_type=product&#038;p=294177"},"modified":"2025-04-14T17:28:32","modified_gmt":"2025-04-14T22:28:32","slug":"video-musical-production-video-films","status":"publish","type":"product","link":"https:\/\/www.platform7x7.com\/n\/en\/marketplace\/servicios\/eventos-fotografia-produccion-otros\/video-musical-production-video-films\/","title":{"rendered":"VIDEO MUSICAL \/ Production &amp; Video Films"},"content":{"rendered":"<p><!-- VideographyWP Plugin Message: Automatic video embedding prevented by plugin options. --><\/p>","protected":false},"excerpt":{"rendered":"<p>Especialistas en audiovisuales que trabajan con sistemas digitales y cuentan con un completo equipo de producci\u00f3n, direcci\u00f3n y edici\u00f3n para video en todos sus formatos.<\/p>\n<p>&nbsp;<\/p>\n<ul>\n<li>Producci\u00f3n de v\u00eddeos\u00a0musicales: Locaciones, modelos, etc.<\/li>\n<\/ul>","protected":false},"featured_media":301746,"comment_status":"open","ping_status":"closed","template":"","meta":{"_et_pb_use_builder":"","_et_pb_old_content":"","_et_gb_content_width":"","_joinchat":[]},"product_brand":[],"product_cat":[133,132],"product_tag":[],"class_list":{"0":"post-294177","1":"product","2":"type-product","3":"status-publish","4":"has-post-thumbnail","6":"product_cat-eventos-fotografia-produccion-otros","7":"product_cat-servicios","9":"first","10":"instock","11":"shipping-taxable","12":"product-type-simple"},"_links":{"self":[{"href":"https:\/\/www.platform7x7.com\/n\/en\/wp-json\/wp\/v2\/product\/294177","targetHints":{"allow":["GET"]}}],"collection":[{"href":"https:\/\/www.platform7x7.com\/n\/en\/wp-json\/wp\/v2\/product"}],"about":[{"href":"https:\/\/www.platform7x7.com\/n\/en\/wp-json\/wp\/v2\/types\/product"}],"replies":[{"embeddable":true,"href":"https:\/\/www.platform7x7.com\/n\/en\/wp-json\/wp\/v2\/comments?post=294177"}],"wp:featuredmedia":[{"embeddable":true,"href":"https:\/\/www.platform7x7.com\/n\/en\/wp-json\/wp\/v2\/media\/301746"}],"wp:attachment":[{"href":"https:\/\/www.platform7x7.com\/n\/en\/wp-json\/wp\/v2\/media?parent=294177"}],"wp:term":[{"taxonomy":"product_brand","embeddable":true,"href":"https:\/\/www.platform7x7.com\/n\/en\/wp-json\/wp\/v2\/product_brand?post=294177"},{"taxonomy":"product_cat","embeddable":true,"href":"https:\/\/www.platform7x7.com\/n\/en\/wp-json\/wp\/v2\/product_cat?post=294177"},{"taxonomy":"product_tag","embeddable":true,"href":"https:\/\/www.platform7x7.com\/n\/en\/wp-json\/wp\/v2\/product_tag?post=294177"}],"curies":[{"name":"wp","href":"https:\/\/api.w.org\/{rel}","templated":true}]}}