{"id":294163,"date":"2024-07-09T12:09:08","date_gmt":"2024-07-09T17:09:08","guid":{"rendered":"https:\/\/www.platform7x7.com\/n\/?post_type=product&#038;p=294163"},"modified":"2025-04-14T16:36:17","modified_gmt":"2025-04-14T21:36:17","slug":"composicion-musical-musical-composition","status":"publish","type":"product","link":"https:\/\/www.platform7x7.com\/n\/en\/marketplace\/servicios\/eventos-fotografia-produccion-otros\/composicion-musical-musical-composition\/","title":{"rendered":"COMPOSICION MUSICAL \/ Musical Composition"},"content":{"rendered":"<p><!-- VideographyWP Plugin Message: Automatic video embedding prevented by plugin options. --><\/p>","protected":false},"excerpt":{"rendered":"<p>Proceso llevado por escritores profesionales en diversos g\u00e9neros, quienes con sus aportes e ideas pueden realizar tu pr\u00f3ximo \u00e9xito musical.<\/p>","protected":false},"featured_media":301741,"comment_status":"open","ping_status":"closed","template":"","meta":{"_et_pb_use_builder":"","_et_pb_old_content":"","_et_gb_content_width":"","_joinchat":[]},"product_brand":[],"product_cat":[133,132],"product_tag":[],"class_list":{"0":"post-294163","1":"product","2":"type-product","3":"status-publish","4":"has-post-thumbnail","6":"product_cat-eventos-fotografia-produccion-otros","7":"product_cat-servicios","9":"first","10":"instock","11":"shipping-taxable","12":"product-type-simple"},"_links":{"self":[{"href":"https:\/\/www.platform7x7.com\/n\/en\/wp-json\/wp\/v2\/product\/294163","targetHints":{"allow":["GET"]}}],"collection":[{"href":"https:\/\/www.platform7x7.com\/n\/en\/wp-json\/wp\/v2\/product"}],"about":[{"href":"https:\/\/www.platform7x7.com\/n\/en\/wp-json\/wp\/v2\/types\/product"}],"replies":[{"embeddable":true,"href":"https:\/\/www.platform7x7.com\/n\/en\/wp-json\/wp\/v2\/comments?post=294163"}],"wp:featuredmedia":[{"embeddable":true,"href":"https:\/\/www.platform7x7.com\/n\/en\/wp-json\/wp\/v2\/media\/301741"}],"wp:attachment":[{"href":"https:\/\/www.platform7x7.com\/n\/en\/wp-json\/wp\/v2\/media?parent=294163"}],"wp:term":[{"taxonomy":"product_brand","embeddable":true,"href":"https:\/\/www.platform7x7.com\/n\/en\/wp-json\/wp\/v2\/product_brand?post=294163"},{"taxonomy":"product_cat","embeddable":true,"href":"https:\/\/www.platform7x7.com\/n\/en\/wp-json\/wp\/v2\/product_cat?post=294163"},{"taxonomy":"product_tag","embeddable":true,"href":"https:\/\/www.platform7x7.com\/n\/en\/wp-json\/wp\/v2\/product_tag?post=294163"}],"curies":[{"name":"wp","href":"https:\/\/api.w.org\/{rel}","templated":true}]}}