{"id":293317,"date":"2024-04-24T16:03:44","date_gmt":"2024-04-24T21:03:44","guid":{"rendered":"https:\/\/www.platform7x7.com\/n\/?post_type=product&#038;p=293317"},"modified":"2025-04-15T10:05:37","modified_gmt":"2025-04-15T15:05:37","slug":"como-generar-ingresos-con-el-marketing-de-afiliacion","status":"publish","type":"product","link":"https:\/\/www.platform7x7.com\/n\/en\/marketplace\/cursos\/como-generar-ingresos-con-el-marketing-de-afiliacion\/","title":{"rendered":"Marketing de Afiliados"},"content":{"rendered":"<p><!-- VideographyWP Plugin Message: Automatic video embedding prevented by plugin options. --><\/p>","protected":false},"excerpt":{"rendered":"<p>Bienvenidos a un viaje emocionante hacia el lucrativo mundo del marketing de afiliaci\u00f3n. En un panorama digital saturado de oportunidades, el marketing de afiliaci\u00f3n se destaca como una estrategia poderosa para generar ingresos pasivos y monetizar tu presencia en l\u00ednea.<\/p>","protected":false},"featured_media":301596,"comment_status":"open","ping_status":"closed","template":"","meta":{"_et_pb_use_builder":"","_et_pb_old_content":"","_et_gb_content_width":"","_joinchat":[]},"product_brand":[],"product_cat":[1184],"product_tag":[],"class_list":{"0":"post-293317","1":"product","2":"type-product","3":"status-publish","4":"has-post-thumbnail","6":"product_cat-cursos","8":"first","9":"instock","10":"virtual","11":"purchasable","12":"product-type-simple"},"_links":{"self":[{"href":"https:\/\/www.platform7x7.com\/n\/en\/wp-json\/wp\/v2\/product\/293317","targetHints":{"allow":["GET"]}}],"collection":[{"href":"https:\/\/www.platform7x7.com\/n\/en\/wp-json\/wp\/v2\/product"}],"about":[{"href":"https:\/\/www.platform7x7.com\/n\/en\/wp-json\/wp\/v2\/types\/product"}],"replies":[{"embeddable":true,"href":"https:\/\/www.platform7x7.com\/n\/en\/wp-json\/wp\/v2\/comments?post=293317"}],"wp:featuredmedia":[{"embeddable":true,"href":"https:\/\/www.platform7x7.com\/n\/en\/wp-json\/wp\/v2\/media\/301596"}],"wp:attachment":[{"href":"https:\/\/www.platform7x7.com\/n\/en\/wp-json\/wp\/v2\/media?parent=293317"}],"wp:term":[{"taxonomy":"product_brand","embeddable":true,"href":"https:\/\/www.platform7x7.com\/n\/en\/wp-json\/wp\/v2\/product_brand?post=293317"},{"taxonomy":"product_cat","embeddable":true,"href":"https:\/\/www.platform7x7.com\/n\/en\/wp-json\/wp\/v2\/product_cat?post=293317"},{"taxonomy":"product_tag","embeddable":true,"href":"https:\/\/www.platform7x7.com\/n\/en\/wp-json\/wp\/v2\/product_tag?post=293317"}],"curies":[{"name":"wp","href":"https:\/\/api.w.org\/{rel}","templated":true}]}}