{"id":246486,"date":"2022-02-23T14:36:23","date_gmt":"2022-02-23T19:36:23","guid":{"rendered":"https:\/\/www.platform7x7.com\/n\/?post_type=product&#038;p=246486"},"modified":"2025-04-15T09:25:49","modified_gmt":"2025-04-15T14:25:49","slug":"afiliacion-club-de-inversores-alfa","status":"publish","type":"product","link":"https:\/\/www.platform7x7.com\/n\/en\/marketplace\/membresias\/afiliacion-club-de-inversores-alfa\/","title":{"rendered":"AFILIACION. \u201cCLUB DE INVERSORES ALFA\u201d"},"content":{"rendered":"<p><!-- VideographyWP Plugin Message: Automatic video embedding prevented by plugin options. --><br \/>\n[et_pb_section fb_built=&#8221;1&#8243; _builder_version=&#8221;4.16&#8243; custom_padding=&#8221;0px||||false|false&#8221; da_disable_devices=&#8221;off|off|off&#8221; global_colors_info=&#8221;{}&#8221; da_is_popup=&#8221;off&#8221; da_exit_intent=&#8221;off&#8221; da_has_close=&#8221;on&#8221; da_alt_close=&#8221;off&#8221; da_dark_close=&#8221;off&#8221; da_not_modal=&#8221;on&#8221; da_is_singular=&#8221;off&#8221; da_with_loader=&#8221;off&#8221; da_has_shadow=&#8221;on&#8221;][et_pb_row _builder_version=&#8221;4.16&#8243; background_size=&#8221;initial&#8221; background_position=&#8221;top_left&#8221; background_repeat=&#8221;repeat&#8221; width=&#8221;100%&#8221; custom_padding=&#8221;0px||0px||false|false&#8221; global_colors_info=&#8221;{}&#8221;][et_pb_column type=&#8221;4_4&#8243; _builder_version=&#8221;4.16&#8243; custom_padding=&#8221;|||&#8221; global_colors_info=&#8221;{}&#8221; custom_padding__hover=&#8221;|||&#8221;][et_pb_wc_breadcrumb _builder_version=&#8221;4.16&#8243; global_colors_info=&#8221;{}&#8221;][\/et_pb_wc_breadcrumb][et_pb_wc_cart_notice _builder_version=&#8221;4.16&#8243; global_colors_info=&#8221;{}&#8221;][\/et_pb_wc_cart_notice][\/et_pb_column][\/et_pb_row][et_pb_row column_structure=&#8221;1_2,1_2&#8243; _builder_version=&#8221;4.16&#8243; background_size=&#8221;initial&#8221; background_position=&#8221;top_left&#8221; background_repeat=&#8221;repeat&#8221; width=&#8221;100%&#8221; custom_padding=&#8221;0px||||false|false&#8221; global_colors_info=&#8221;{}&#8221;][et_pb_column type=&#8221;1_2&#8243; _builder_version=&#8221;4.16&#8243; custom_padding=&#8221;|||&#8221; global_colors_info=&#8221;{}&#8221; custom_padding__hover=&#8221;|||&#8221;][et_pb_wc_images _builder_version=&#8221;4.16&#8243; global_colors_info=&#8221;{}&#8221;][\/et_pb_wc_images][\/et_pb_column][et_pb_column type=&#8221;1_2&#8243; _builder_version=&#8221;4.16&#8243; custom_padding=&#8221;|||&#8221; global_colors_info=&#8221;{}&#8221; custom_padding__hover=&#8221;|||&#8221;][et_pb_wc_title _builder_version=&#8221;4.16&#8243; global_colors_info=&#8221;{}&#8221;][\/et_pb_wc_title][et_pb_wc_rating _builder_version=&#8221;4.16&#8243; global_colors_info=&#8221;{}&#8221;][\/et_pb_wc_rating][et_pb_wc_price _builder_version=&#8221;4.16&#8243; global_colors_info=&#8221;{}&#8221;][\/et_pb_wc_price][et_pb_wc_description _builder_version=&#8221;4.17.4&#8243; body_font=&#8221;Arial|600|||||||&#8221; body_text_color=&#8221;#4c4c4c&#8221; global_colors_info=&#8221;{}&#8221;][\/et_pb_wc_description][et_pb_wc_add_to_cart _builder_version=&#8221;4.16&#8243; global_colors_info=&#8221;{}&#8221;][\/et_pb_wc_add_to_cart][et_pb_wc_meta _builder_version=&#8221;4.16&#8243; global_colors_info=&#8221;{}&#8221;][\/et_pb_wc_meta][\/et_pb_column][\/et_pb_row][et_pb_row _builder_version=&#8221;4.16&#8243; background_size=&#8221;initial&#8221; background_position=&#8221;top_left&#8221; background_repeat=&#8221;repeat&#8221; width=&#8221;100%&#8221; global_colors_info=&#8221;{}&#8221;][et_pb_column type=&#8221;4_4&#8243; _builder_version=&#8221;4.16&#8243; custom_padding=&#8221;|||&#8221; global_colors_info=&#8221;{}&#8221; custom_padding__hover=&#8221;|||&#8221;][et_pb_wc_tabs _builder_version=&#8221;4.17.4&#8243; body_font=&#8221;|600|||||||&#8221; global_colors_info=&#8221;{}&#8221;]\t\t\t\t\t[\/et_pb_wc_tabs][et_pb_wc_upsells _builder_version=&#8221;4.16&#8243; global_colors_info=&#8221;{}&#8221;][\/et_pb_wc_upsells][et_pb_wc_related_products _builder_version=&#8221;4.16&#8243; global_colors_info=&#8221;{}&#8221;][\/et_pb_wc_related_products][\/et_pb_column][\/et_pb_row][\/et_pb_section]<\/p>","protected":false},"excerpt":{"rendered":"<p style=\"text-align: left;\"><strong>PLAN GLOBAL DIGITAL INTEGRADO E INTERACTIVO ENTRE AFILIADOS.<\/strong><br \/>\nUn sistema de expansi\u00f3n exponencial y desarrollo econ\u00f3mico. Creado para traer prosperidad para todos los integrantes a OS7 GROUP. LLC, Y A LA FUNDACI\u00d3N FAMILIA SION.<\/p>","protected":false},"featured_media":249535,"comment_status":"open","ping_status":"closed","template":"","meta":{"_et_pb_use_builder":"on","_et_pb_old_content":"<p style=\"text-align: left\">Los afiliados adem\u00e1s de invertir, recibir\u00e1n autorizaci\u00f3n plena para gestionar y ejecutar cualquier actividad en uno o varios de los portafolios de nuestra plataforma global digital a su elecci\u00f3n y en base a sus experiencias comprobadas que se ajuste a sus sue\u00f1os o gustos personales, cualquier actividad estar\u00e1 inicialmente bajo la Direcci\u00f3n de YAZMIN HANI, Directora del CLUB DE INVERSORES.<\/p>","_et_gb_content_width":"","_joinchat":[]},"product_brand":[],"product_cat":[34],"product_tag":[],"class_list":{"0":"post-246486","1":"product","2":"type-product","3":"status-publish","4":"has-post-thumbnail","6":"product_cat-membresias","8":"first","9":"instock","10":"virtual","11":"purchasable","12":"product-type-simple"},"_links":{"self":[{"href":"https:\/\/www.platform7x7.com\/n\/en\/wp-json\/wp\/v2\/product\/246486","targetHints":{"allow":["GET"]}}],"collection":[{"href":"https:\/\/www.platform7x7.com\/n\/en\/wp-json\/wp\/v2\/product"}],"about":[{"href":"https:\/\/www.platform7x7.com\/n\/en\/wp-json\/wp\/v2\/types\/product"}],"replies":[{"embeddable":true,"href":"https:\/\/www.platform7x7.com\/n\/en\/wp-json\/wp\/v2\/comments?post=246486"}],"wp:featuredmedia":[{"embeddable":true,"href":"https:\/\/www.platform7x7.com\/n\/en\/wp-json\/wp\/v2\/media\/249535"}],"wp:attachment":[{"href":"https:\/\/www.platform7x7.com\/n\/en\/wp-json\/wp\/v2\/media?parent=246486"}],"wp:term":[{"taxonomy":"product_brand","embeddable":true,"href":"https:\/\/www.platform7x7.com\/n\/en\/wp-json\/wp\/v2\/product_brand?post=246486"},{"taxonomy":"product_cat","embeddable":true,"href":"https:\/\/www.platform7x7.com\/n\/en\/wp-json\/wp\/v2\/product_cat?post=246486"},{"taxonomy":"product_tag","embeddable":true,"href":"https:\/\/www.platform7x7.com\/n\/en\/wp-json\/wp\/v2\/product_tag?post=246486"}],"curies":[{"name":"wp","href":"https:\/\/api.w.org\/{rel}","templated":true}]}}