{"id":611,"date":"2019-09-24T14:16:50","date_gmt":"2019-09-24T19:16:50","guid":{"rendered":"https:\/\/www.platform7x7.com\/n\/?page_id=611"},"modified":"2024-01-29T08:45:38","modified_gmt":"2024-01-29T13:45:38","slug":"terminos-y-condiciones","status":"publish","type":"page","link":"https:\/\/www.platform7x7.com\/n\/en\/terminos-y-condiciones\/","title":{"rendered":"T\u00e9rminos y Condiciones"},"content":{"rendered":"<p><!-- VideographyWP Plugin Message: Automatic video embedding prevented by plugin options. --><br \/>\n[et_pb_section fb_built=&#8221;1&#8243; _builder_version=&#8221;3.29.3&#8243; background_color=&#8221;rgba(0,0,0,0.69)&#8221; background_image=&#8221;https:\/\/www.platform7x7.com\/n\/wp-content\/uploads\/2019\/08\/bg-title-noticias.jpg&#8221; background_blend=&#8221;overlay&#8221; hover_enabled=&#8221;0&#8243;][et_pb_row _builder_version=&#8221;3.29.3&#8243;][et_pb_column _builder_version=&#8221;3.29.3&#8243; type=&#8221;4_4&#8243;][et_pb_text _builder_version=&#8221;3.29.3&#8243; header_text_align=&#8221;center&#8221; header_text_color=&#8221;#ffffff&#8221; header_line_height=&#8221;1.2em&#8221; hover_enabled=&#8221;0&#8243;]<\/p>\n<h1>T\u00c9RMINOS Y CONDICIONES<\/h1>\n<p>[\/et_pb_text][\/et_pb_column][\/et_pb_row][\/et_pb_section][et_pb_section fb_built=&#8221;1&#8243; _builder_version=&#8221;3.29.3&#8243; custom_padding=&#8221;0px||0px|||&#8221;][et_pb_row _builder_version=&#8221;3.29.3&#8243;][et_pb_column _builder_version=&#8221;3.29.3&#8243; type=&#8221;4_4&#8243;][et_pb_text _builder_version=&#8221;3.29.3&#8243; text_orientation=&#8221;justified&#8221; hover_enabled=&#8221;0&#8243;]<\/p>\n<h3 style=\"text-align: center\">Bienvenido al sitio Web oficial de OS7<\/h3>\n<p style=\"text-align: center\"><strong>Condiciones de uso del sitio.<\/strong><\/p>\n<p>El acceso y el uso del sitio Web www.platform7x7.com (en adelante el &#8220;sitio Web de OS7 GROUP&#8221;) y la informaci\u00f3n, materiales, productos y servicios disponibles a trav\u00e9s del sitio Web de OS7 GROUP est\u00e1n sujetos a estas condiciones de uso (las &#8220;Condiciones de uso del sitio Web\u201d). Adem\u00e1s, para los empresarios OS7 GROUP, se aplicar\u00e1n las &#8220;Pol\u00edticas de OS7 GROUP, y para las compras de bienes y servicios, se aplicar\u00e1n los &#8220;T\u00e9rminos y las condiciones de compra de OS7 GROUP&#8221;.<\/p>\n<p>Las Condiciones de uso del sitio Web pueden ser actualizadas de tiempo en tiempo. Las versiones actualizadas se publicar\u00e1n en el sitio Web de OS7 GROUP y entrar\u00e1n en vigencia de inmediato. Cuando se utiliza el sitio Web de OS7 GROUP con frecuencia se debe comprobar si se han actualizado o modificado las condiciones de uso del sitio Web.<\/p>\n<p>El sitio Web de OS7 GROUP proporciona informaci\u00f3n acerca de OS7 GROUP, la oportunidad de negocio de OS7 GROUP y los productos y servicios OS7 GROUP, y se basa en la legislaci\u00f3n de Colombia. OS7 GROUP no asume ninguna responsabilidad por el uso del sitio Web de OS7 GROUP desde otros pa\u00edses. Haga clic en los siguientes enlaces para ir directamente a la secci\u00f3n correspondiente:<\/p>\n<ol>\n<li>Partes de la p\u00e1gina Web de OS7 GROUP protegidas por contrase\u00f1a<\/li>\n<li>Declaraci\u00f3n de privacidad y pol\u00edticas de OS7 GROUP.<\/li>\n<li>Propiedad Intelectual y uso de materiales de la p\u00e1gina Web de OS7 GROUP.<\/li>\n<li>Enlaces a otros sitios Web.<\/li>\n<li>Enlaces desde otros sitios Web al sitio Web de OS7 GROUP.<\/li>\n<li>Limitaci\u00f3n de responsabilidad, renuncia de garant\u00edas e indemnizaci\u00f3n.<\/li>\n<li>Restricci\u00f3n o bloqueo del acceso al sitio Web de OS7 GROUP por violaciones de las condiciones de uso.<\/li>\n<li>Cl\u00e1usula de divisibilidad\n<li>Elecci\u00f3n de la ley y la jurisdicci\u00f3n<\/li>\n<\/ol>\n<p>1. Partes de la p\u00e1gina Web de OS7 GROUP protegidas por contrase\u00f1a Las partes protegidas por contrase\u00f1a del sitio Web de OS7 GROUP est\u00e1n destinadas exclusivamente a los ABO y sus clientes en Colombia. Tenga en cuenta que: las contrase\u00f1as no deben ser dadas a terceros y deben estar protegidas contra el acceso no autorizado. Si tiene conocimiento de cualquier uso no autorizado de su contrase\u00f1a, deber\u00e1 notificar inmediatamente a OS7 GROUP. OS7 GROUP no asume ninguna responsabilidad por los da\u00f1os causados por el uso indebido de contrase\u00f1as.<\/p>\n<p>2. Declaraci\u00f3n de privacidad y pol\u00edticas de OS7 GROUP Todos los datos personales proporcionados a OS7 GROUP mientras utiliza el sitio Web de OS7 GROUP se gestionar\u00e1n de conformidad con la Declaraci\u00f3n de privacidad del sitio Web. Toda la informaci\u00f3n proporcionada a OS7 GROUP durante el uso del sitio Web de OS7 GROUP debe ser correcta, completa y actualizada. Si tenemos razones para creer que se ha suministrado informaci\u00f3n incorrecta, incompleta o desactualizada, el acceso al sitio Web de OS7 GROUP puede ser limitado o bloqueado.<\/p>\n<p>3. Propiedad Intelectual y uso de materiales de la p\u00e1gina Web de OS7 GROUP El sitio Web de OS7 GROUP y los materiales del sitio Web de OS7 GROUP est\u00e1n protegidos por derechos de propiedad intelectual, incluidos los derechos de autor y marcas , incluyendo el nombre de &#8220;OS7 GROUP&#8221; y el logotipo de OS7 GROUP los cuales son propiedad de OS7 GROUP o utilizados por OS7 GROUP bajo licencia o con permiso del propietario de esos derechos. Los materiales protegidos por los derechos de propiedad 2 intelectual incluyen, sin limitarse a, el dise\u00f1o, la diagramaci\u00f3n, el aspecto, la apariencia, los gr\u00e1ficos, las fotograf\u00edas, las im\u00e1genes, los art\u00edculos, los reportajes y otros materiales disponibles en el sitio Web de OS7 GROUP (colectivamente, &#8220;materiales del sitio Web\u201d). Los materiales del sitio Web s\u00f3lo podr\u00e1n ser reproducidos, distribuidos, comunicados publicados o presentados p\u00fablicamente previo consentimiento escrito de OS7 GROUP. Como una excepci\u00f3n a esta regla, OS7 GROUP concede a sus ABO una licencia limitada, no exclusiva cuya duraci\u00f3n es igual a la duraci\u00f3n del contrato del ABO, y revocable. Esta licencia se limita a permitir al ABO utilizar los materiales del sitio Web \u00fanicamente para los prop\u00f3sitos de operar sus negocios y as\u00ed podr\u00e1 descargar, almacenar, imprimir, copiar, compartir y divulgar materiales del sitio Web, siempre que el Material no sea alterado y la fuente de informaci\u00f3n sea citada. Si tiene m\u00e1s preguntas sobre el uso de los materiales del sitio Web, p\u00f3ngase en contacto con nosotros a trav\u00e9s de nuestro correo electr\u00f3nico: OS7 GROUP_colombia@OS7 GROUP.com. El derecho a utilizar las partes del sitio Web de OS7 GROUP protegidas por contrase\u00f1a en condici\u00f3n de ABO finaliza a la terminaci\u00f3n del contrato de ABO sin necesidad de notificaciones o acciones adicionales por parte de OS7 GROUP. En caso de rescisi\u00f3n del contrato, el ABO debe eliminar o destruir todo el material almacenado, impreso o copiado, a menos que deba conservarlo para cumplir con requisitos legales.<\/p>\n<p>4. Enlaces a otros sitios Web Podemos vincular otros sitios Web que no est\u00e1n bajo nuestro control. No somos responsables de la informaci\u00f3n o los materiales puestos a disposici\u00f3n por dichos sitios Web de terceros. Le recomendamos que lea las condiciones de uso y las declaraciones de privacidad de todos los sitios Web de terceros antes de utilizar dichos sitios Web o enviar datos personales o cualquier otra informaci\u00f3n en o a trav\u00e9s de dichos sitios Web.<\/p>\n<p>5. Enlaces desde otros sitios Web al sitio Web de OS7 GROUP La inserci\u00f3n de enlaces e hiperv\u00ednculos en un sitio Web de terceros que direccionen a www.<br \/><a href=\"https:\/\/norgerx.com\/kamagra-jelly-norge.html\">https:\/\/norgerx.com\/kamagra-jelly-norge.html<\/a><br \/>\n<br \/>platform7x7.com requiere el consentimiento previo por escrito de OS7 GROUP.<\/p>\n<p>6. Limitaci\u00f3n de responsabilidad, renuncia de garant\u00edas e indemnizaci\u00f3n En la medida permitida por la ley aplicable, ni OS7 GROUP ni sus filiales ser\u00e1n responsables de cualquier da\u00f1o directo o indirecto, incluidos, entre otros, da\u00f1os a la propiedad, la p\u00e9rdida de uso, la p\u00e9rdida de negocios, p\u00e9rdidas econ\u00f3micas, la p\u00e9rdida de datos o la p\u00e9rdida de beneficios, derivados de o en relaci\u00f3n con el uso o acceso, o la incapacidad para utilizar o acceder al sitio Web de OS7 GROUP o su contenido. OS7 GROUP har\u00e1 esfuerzos razonables para garantizar que la informaci\u00f3n y los materiales proporcionados en este sitio Web sean correctos. Sin embargo, OS7 GROUP no puede garantizar la exactitud de la informaci\u00f3n y los materiales y no asume ninguna responsabilidad ni obligaci\u00f3n por la exactitud, integridad y autenticidad de cualquier informaci\u00f3n y materiales contenidos en este sitio Web. No garantizamos que la operaci\u00f3n de este sitio Web ser\u00e1 ininterrumpida o libre de errores, o que este sitio Web est\u00e1 libre de virus u otros componentes que pueden ser perjudiciales para el equipo o software. OS7 GROUP no garantiza que el sitio Web de OS7 GROUP sea compatible con los equipos y software que usted utilice y no garantiza que el sitio Web de OS7 GROUP est\u00e9 disponible todo el tiempo o en cualquier momento espec\u00edfico. Usted acepta mantener indemne, indemnizar, defender y eximir a OS7 GROUP y a sus afiliados de cualquier responsabilidad, da\u00f1o o p\u00e9rdida relacionados con cualquier violaci\u00f3n por parte suya de estas Condiciones de uso del sitio Web o de su utilizaci\u00f3n del sitio Web de OS7 GROUP.<\/p>\n<p>7. Restricci\u00f3n o bloqueo del acceso al sitio Web de OS7 GROUP por violaciones de las condiciones de uso En caso de una violaci\u00f3n de estas Condiciones de uso del sitio Web, especialmente en caso de uso del sitio Web de OS7 GROUP o de elementos individuales del sitio Web de OS7 GROUP para fines distintos a su uso 3 previsto o el aqu\u00ed expresamente autorizado, puede restringirse o bloquearse el acceso al sitio Web de OS7 GROUP. OS7 GROUP generalmente se reserva el derecho de alterar, bloquear o suspender parcial o totalmente el sitio Web de OS7 GROUP o su contenido en cualquier momento y por cualquier motivo.<\/p>\n<p>8. Nulidad Parcial Si una de las disposiciones de estas Condiciones de uso del sitio Web es inv\u00e1lida o declarada nula por un tribunal, esto no afectar\u00e1 la validez de los t\u00e9rminos restantes.<\/p>\n<p>9. Elecci\u00f3n de la ley y la jurisdicci\u00f3n El uso del sitio Web de OS7 GROUP y estas Condiciones de uso del sitio Web se rigen por las leyes de Colombia. Salvo disposici\u00f3n en contrario por la ley, los tribunales ordinarios de Bogot\u00e1 tienen jurisdicci\u00f3n exclusiva sobre cualquier disputa que surja de o en conexi\u00f3n con el uso de la Web de OS7 GROUP o estas Condiciones de uso del sitio Web.[\/et_pb_text][\/et_pb_column][\/et_pb_row][\/et_pb_section]<\/p>","protected":false},"excerpt":{"rendered":"<p>T\u00c9RMINOS Y CONDICIONES Bienvenido al sitio Web oficial de OS7 Condiciones de uso del sitio. El acceso y el uso del sitio Web www.platform7x7.com (en adelante el &#8220;sitio Web de OS7 GROUP&#8221;) y la informaci\u00f3n, materiales, productos y servicios disponibles a trav\u00e9s del sitio Web de OS7 GROUP est\u00e1n sujetos a estas condiciones de uso [&hellip;]<\/p>","protected":false},"author":1,"featured_media":0,"parent":0,"menu_order":0,"comment_status":"closed","ping_status":"closed","template":"","meta":{"_et_pb_use_builder":"on","_et_pb_old_content":"","_et_gb_content_width":"","_joinchat":[],"footnotes":""},"class_list":["post-611","page","type-page","status-publish","hentry"],"_links":{"self":[{"href":"https:\/\/www.platform7x7.com\/n\/en\/wp-json\/wp\/v2\/pages\/611","targetHints":{"allow":["GET"]}}],"collection":[{"href":"https:\/\/www.platform7x7.com\/n\/en\/wp-json\/wp\/v2\/pages"}],"about":[{"href":"https:\/\/www.platform7x7.com\/n\/en\/wp-json\/wp\/v2\/types\/page"}],"author":[{"embeddable":true,"href":"https:\/\/www.platform7x7.com\/n\/en\/wp-json\/wp\/v2\/users\/1"}],"replies":[{"embeddable":true,"href":"https:\/\/www.platform7x7.com\/n\/en\/wp-json\/wp\/v2\/comments?post=611"}],"version-history":[{"count":0,"href":"https:\/\/www.platform7x7.com\/n\/en\/wp-json\/wp\/v2\/pages\/611\/revisions"}],"wp:attachment":[{"href":"https:\/\/www.platform7x7.com\/n\/en\/wp-json\/wp\/v2\/media?parent=611"}],"curies":[{"name":"wp","href":"https:\/\/api.w.org\/{rel}","templated":true}]}}