{"id":361,"date":"2019-08-21T18:20:18","date_gmt":"2019-08-21T23:20:18","guid":{"rendered":"https:\/\/www.platform7x7.com\/n\/?page_id=361"},"modified":"2024-01-29T09:49:45","modified_gmt":"2024-01-29T14:49:45","slug":"directorio-medico","status":"publish","type":"page","link":"https:\/\/www.platform7x7.com\/n\/en\/directorio-medico\/","title":{"rendered":"Directorio M\u00e9dico"},"content":{"rendered":"<p><!-- VideographyWP Plugin Message: Automatic video embedding prevented by plugin options. --><br \/>\n[et_pb_section fb_built=&#8221;1&#8243; fullwidth=&#8221;on&#8221; _builder_version=&#8221;3.29.3&#8243; fb_built=&#8221;1&#8243; _i=&#8221;0&#8243; _address=&#8221;0&#8243;][et_pb_fullwidth_slider _builder_version=&#8221;3.29.3&#8243; _i=&#8221;0&#8243; _address=&#8221;0.0&#8243;][et_pb_slide button_text=&#8221;Conoce nuestro proyecto&#8221; button_link=&#8221;#sanar7&#8243; _builder_version=&#8221;3.29.3&#8243; background_color=&#8221;rgba(0,0,0,0.3)&#8221; background_enable_color=&#8221;on&#8221; background_image=&#8221;https:\/\/www.platform7x7.com\/n\/wp-content\/uploads\/2019\/09\/medicina-y-tecnologia.jpg&#8221; background_enable_image=&#8221;on&#8221; background_blend=&#8221;overlay&#8221; _i=&#8221;0&#8243; _address=&#8221;0.0.0&#8243;]<\/p>\n<p><img loading=\"lazy\" decoding=\"async\" src=\"https:\/\/www.platform7x7.com\/n\/wp-content\/uploads\/2019\/08\/logo-dir-medico-sanar-7.png\" width=\"212\" height=\"61\" alt=\"\" class=\"wp-image-364 alignnone size-full\" style=\"display: block; margin-left: auto; margin-right: auto;\" \/><\/p>\n<p>Una Red de Salud, con informaci\u00f3n p\u00fablica al servicio de todas las personas.<\/p>\n<p>[\/et_pb_slide][et_pb_slide heading=&#8221;Bienestar y Salud para ti y para tu familia.&#8221; button_text=&#8221;Reg\u00edstrate Ahora&#8221; button_link=&#8221;@ET-DC@eyJkeW5hbWljIjp0cnVlLCJjb250ZW50IjoicG9zdF9saW5rX3VybF9wYWdlIiwic2V0dGluZ3MiOnsicG9zdF9pZCI6Ijg4In19@&#8221; _builder_version=&#8221;3.29.3&#8243; _dynamic_attributes=&#8221;button_link&#8221; background_color=&#8221;rgba(0,0,0,0.2)&#8221; background_enable_color=&#8221;on&#8221; background_image=&#8221;https:\/\/www.platform7x7.com\/n\/wp-content\/uploads\/2019\/09\/doctor-manos.jpg&#8221; background_enable_image=&#8221;on&#8221; background_blend=&#8221;overlay&#8221; _i=&#8221;1&#8243; _address=&#8221;0.0.1&#8243;][\/et_pb_slide][\/et_pb_fullwidth_slider][\/et_pb_section][et_pb_section fb_built=&#8221;1&#8243; module_id=&#8221;sanar7&#8243; _builder_version=&#8221;3.29.3&#8243; custom_padding=&#8221;0px|||||&#8221; fb_built=&#8221;1&#8243; _i=&#8221;1&#8243; _address=&#8221;1&#8243;][et_pb_row _builder_version=&#8221;3.29.3&#8243; width=&#8221;90%&#8221; max_width=&#8221;1400px&#8221; custom_padding=&#8221;||0px|||&#8221; _i=&#8221;0&#8243; _address=&#8221;1.0&#8243;][et_pb_column type=&#8221;4_4&#8243; _builder_version=&#8221;3.29.3&#8243; _i=&#8221;0&#8243; _address=&#8221;1.0.0&#8243;][et_pb_text _builder_version=&#8221;3.29.3&#8243; header_2_text_align=&#8221;center&#8221; header_2_text_color=&#8221;#0c71c3&#8243; custom_margin=&#8221;||23px|||&#8221; _i=&#8221;0&#8243; _address=&#8221;1.0.0.0&#8243;]<\/p>\n<h2>BUSCADOR<\/h2>\n<p>[\/et_pb_text][\/et_pb_column][\/et_pb_row][et_pb_row column_structure=&#8221;2_5,3_5&#8243; _builder_version=&#8221;3.29.3&#8243; width=&#8221;90%&#8221; max_width=&#8221;1400px&#8221; _i=&#8221;1&#8243; _address=&#8221;1.1&#8243;][et_pb_column type=&#8221;2_5&#8243; _builder_version=&#8221;3.29.3&#8243; _i=&#8221;0&#8243; _address=&#8221;1.1.0&#8243;][et_pb_text _builder_version=&#8221;3.29.3&#8243; text_font_size=&#8221;20px&#8221; text_line_height=&#8221;1.2em&#8221; text_orientation=&#8221;justified&#8221; custom_margin=&#8221;1px|||||&#8221; _i=&#8221;0&#8243; _address=&#8221;1.1.0.0&#8243;]Nuestro poderoso buscador, basado en campos personalizados de palabras claves, Ubicaci\u00f3n geogr\u00e1fica y geo-refenciada y categor\u00edas; permite a los usuarios encontrar con facilidad los anuncios de nuestra plataforma, permitiendo mayor objetividad en la localizaci\u00f3n, y mayor oportunidad de encontrar lo que realmente se est\u00e1 buscando.[\/et_pb_text][dsm_button button_one_text=&#8221;Portal m\u00e9dico&#8221; button_one_url=&#8221;http:\/\/sanar7.com&#8221; button_one_url_new_window=&#8221;on&#8221; button_two_text=&#8221;Directorio M\u00e9dico&#8221; button_two_url=&#8221;http:\/\/sanar7.com\/directoriomedico&#8221; button_two_url_new_window=&#8221;on&#8221; button_alignment=&#8221;center&#8221; _builder_version=&#8221;3.29.3&#8243; custom_button_one=&#8221;on&#8221; hover_enabled=&#8221;0&#8243; _i=&#8221;1&#8243; _address=&#8221;1.1.0.1&#8243; button_one_icon=&#8221;%%141%%&#8221; button_one_on_hover=&#8221;off&#8221; custom_button_two=&#8221;on&#8221; button_two_icon=&#8221;%%122%%&#8221; button_two_on_hover=&#8221;off&#8221; button_one_icon_placement=&#8221;left&#8221; button_two_icon_placement=&#8221;left&#8221;][\/dsm_button][\/et_pb_column][et_pb_column type=&#8221;3_5&#8243; _builder_version=&#8221;3.29.3&#8243; _i=&#8221;1&#8243; _address=&#8221;1.1.1&#8243;][et_pb_image src=&#8221;https:\/\/www.platform7x7.com\/n\/wp-content\/uploads\/2019\/09\/buscador-sanar7.jpg&#8221; _builder_version=&#8221;3.29.3&#8243; _i=&#8221;0&#8243; _address=&#8221;1.1.1.0&#8243;][\/et_pb_image][\/et_pb_column][\/et_pb_row][\/et_pb_section][et_pb_section fb_built=&#8221;1&#8243; _builder_version=&#8221;3.29.3&#8243; background_enable_color=&#8221;off&#8221; background_image=&#8221;https:\/\/www.platform7x7.com\/n\/wp-content\/uploads\/2019\/09\/titulo-bg.jpg&#8221; background_position=&#8221;top_center&#8221; custom_padding=&#8221;100px||100px||true|false&#8221; fb_built=&#8221;1&#8243; _i=&#8221;2&#8243; _address=&#8221;2&#8243;][et_pb_row column_structure=&#8221;1_2,1_2&#8243; _builder_version=&#8221;3.29.3&#8243; _i=&#8221;0&#8243; _address=&#8221;2.0&#8243;][et_pb_column type=&#8221;1_2&#8243; _builder_version=&#8221;3.29.3&#8243; _i=&#8221;0&#8243; _address=&#8221;2.0.0&#8243;][\/et_pb_column][et_pb_column type=&#8221;1_2&#8243; _builder_version=&#8221;3.29.3&#8243; _i=&#8221;1&#8243; _address=&#8221;2.0.1&#8243;][et_pb_text _builder_version=&#8221;3.29.3&#8243; text_text_color=&#8221;#ffffff&#8221; text_font_size=&#8221;20px&#8221; text_line_height=&#8221;1.2em&#8221; text_orientation=&#8221;center&#8221; _i=&#8221;0&#8243; _address=&#8221;2.0.1.0&#8243;]<\/p>\n<p>Participa de este maravilloso proyecto, vincula negocios y genera ingresos.<\/p>\n<p>[\/et_pb_text][et_pb_button button_url=&#8221;@ET-DC@eyJkeW5hbWljIjp0cnVlLCJjb250ZW50IjoicG9zdF9saW5rX3VybF9wYWdlIiwic2V0dGluZ3MiOnsicG9zdF9pZCI6Ijg4In19@&#8221; button_text=&#8221;Reg\u00edstrate Ahora&#8221; button_alignment=&#8221;center&#8221; _builder_version=&#8221;3.29.3&#8243; _dynamic_attributes=&#8221;button_url&#8221; custom_button=&#8221;on&#8221; button_text_color=&#8221;#ffffff&#8221; _i=&#8221;1&#8243; _address=&#8221;2.0.1.1&#8243;][\/et_pb_button][\/et_pb_column][\/et_pb_row][\/et_pb_section]<\/p>","protected":false},"excerpt":{"rendered":"<p>Una Red de Salud, con informaci\u00f3n p\u00fablica al servicio de todas las personas.BUSCADORNuestro poderoso buscador, basado en campos personalizados de palabras claves, Ubicaci\u00f3n geogr\u00e1fica y geo-refenciada y categor\u00edas; permite a los usuarios encontrar con facilidad los anuncios de nuestra plataforma, permitiendo mayor objetividad en la localizaci\u00f3n, y mayor oportunidad de encontrar lo que realmente se [&hellip;]<\/p>","protected":false},"author":1,"featured_media":0,"parent":0,"menu_order":0,"comment_status":"closed","ping_status":"closed","template":"","meta":{"_et_pb_use_builder":"on","_et_pb_old_content":"","_et_gb_content_width":"","_joinchat":[],"footnotes":""},"class_list":["post-361","page","type-page","status-publish","hentry"],"_links":{"self":[{"href":"https:\/\/www.platform7x7.com\/n\/en\/wp-json\/wp\/v2\/pages\/361","targetHints":{"allow":["GET"]}}],"collection":[{"href":"https:\/\/www.platform7x7.com\/n\/en\/wp-json\/wp\/v2\/pages"}],"about":[{"href":"https:\/\/www.platform7x7.com\/n\/en\/wp-json\/wp\/v2\/types\/page"}],"author":[{"embeddable":true,"href":"https:\/\/www.platform7x7.com\/n\/en\/wp-json\/wp\/v2\/users\/1"}],"replies":[{"embeddable":true,"href":"https:\/\/www.platform7x7.com\/n\/en\/wp-json\/wp\/v2\/comments?post=361"}],"version-history":[{"count":0,"href":"https:\/\/www.platform7x7.com\/n\/en\/wp-json\/wp\/v2\/pages\/361\/revisions"}],"wp:attachment":[{"href":"https:\/\/www.platform7x7.com\/n\/en\/wp-json\/wp\/v2\/media?parent=361"}],"curies":[{"name":"wp","href":"https:\/\/api.w.org\/{rel}","templated":true}]}}